{"id":1894,"date":"2019-08-18T12:27:58","date_gmt":"2019-08-18T17:27:58","guid":{"rendered":"https:\/\/integrityisr.com\/?page_id=1894"},"modified":"2020-05-04T15:31:22","modified_gmt":"2020-05-04T20:31:22","slug":"government-services","status":"publish","type":"page","link":"https:\/\/integrityisr.com\/es\/government-services\/","title":{"rendered":"NUESTROS SERVICIOS"},"content":{"rendered":"<p class=\"wp-block-paragraph\"><strong>Integrity ISR ofrece una amplia gama de servicios profesionales para clientes nacionales e internacionales, que van desde el an\u00e1lisis, la planificaci\u00f3n y la administraci\u00f3n de sistemas hasta enfoques progresivos para aprovechar al m\u00e1ximo las tecnolog\u00edas. Somos expertos en formaci\u00f3n y aprendizaje en todo el \u00e1mbito de ISR, y podemos ofrecerle las experiencias educativas m\u00e1s progresistas, oportunas y valiosas disponibles.<\/strong><\/p>\n\n\n\n<p class=\"wp-block-paragraph\"><strong>Nuestra experiencia internacional es amplia y exhaustiva, y le preparar\u00e1 a usted y a su equipo para ampliar y mantener la interoperabilidad y las asociaciones.<\/strong><\/p>\n\n\n\n<div class=\"wp-block-jetpack-tiled-gallery aligncenter is-style-rectangular\"><div class=\"tiled-gallery__gallery\"><div class=\"tiled-gallery__row\"><div class=\"tiled-gallery__col\"><figure class=\"tiled-gallery__item\"><img decoding=\"async\" data-attachment-id=\"1994\" data-permalink=\"https:\/\/integrityisr.com\/es\/gps-new-copy-6\/\" data-orig-file=\"https:\/\/integrityisr.com\/wp-content\/uploads\/2019\/08\/GPS-New-copy-6.png\" data-orig-size=\"400,400\" data-comments-opened=\"1\" data-image-meta=\"{&quot;aperture&quot;:&quot;0&quot;,&quot;credit&quot;:&quot;&quot;,&quot;camera&quot;:&quot;&quot;,&quot;caption&quot;:&quot;&quot;,&quot;created_timestamp&quot;:&quot;0&quot;,&quot;copyright&quot;:&quot;&quot;,&quot;focal_length&quot;:&quot;0&quot;,&quot;iso&quot;:&quot;0&quot;,&quot;shutter_speed&quot;:&quot;0&quot;,&quot;title&quot;:&quot;&quot;,&quot;orientation&quot;:&quot;0&quot;}\" data-image-title=\"GPS Newest\" data-image-description=\"\" data-image-caption=\"\" data-medium-file=\"https:\/\/integrityisr.com\/wp-content\/uploads\/2019\/08\/GPS-New-copy-6-300x300.png\" data-large-file=\"https:\/\/integrityisr.com\/wp-content\/uploads\/2019\/08\/GPS-New-copy-6.png\" role=\"button\" tabindex=\"0\" aria-label=\"Open image 1 of 5 in full-screen\" srcset=\"https:\/\/i2.wp.com\/integrityisr.com\/wp-content\/uploads\/2019\/08\/GPS-New-copy-6.png?strip=info&#038;w=400&#038;ssl=1 400w\" alt=\"\" data-height=\"400\" data-id=\"1994\" data-link=\"https:\/\/integrityisr.com\/gps-new-copy-6\/\" data-url=\"https:\/\/integrityisr.com\/wp-content\/uploads\/2019\/08\/GPS-New-copy-6.png\" data-width=\"400\" src=\"https:\/\/i2.wp.com\/integrityisr.com\/wp-content\/uploads\/2019\/08\/GPS-New-copy-6.png?ssl=1\"\/><\/figure><\/div><div class=\"tiled-gallery__col\"><figure class=\"tiled-gallery__item\"><img decoding=\"async\" data-attachment-id=\"1995\" data-permalink=\"https:\/\/integrityisr.com\/es\/deuce-new-copy-5\/\" data-orig-file=\"https:\/\/integrityisr.com\/wp-content\/uploads\/2019\/08\/Deuce-New-copy-5.png\" data-orig-size=\"400,400\" data-comments-opened=\"1\" data-image-meta=\"{&quot;aperture&quot;:&quot;0&quot;,&quot;credit&quot;:&quot;&quot;,&quot;camera&quot;:&quot;&quot;,&quot;caption&quot;:&quot;&quot;,&quot;created_timestamp&quot;:&quot;0&quot;,&quot;copyright&quot;:&quot;&quot;,&quot;focal_length&quot;:&quot;0&quot;,&quot;iso&quot;:&quot;0&quot;,&quot;shutter_speed&quot;:&quot;0&quot;,&quot;title&quot;:&quot;&quot;,&quot;orientation&quot;:&quot;0&quot;}\" data-image-title=\"Deuce Newest\" data-image-description=\"\" data-image-caption=\"\" data-medium-file=\"https:\/\/integrityisr.com\/wp-content\/uploads\/2019\/08\/Deuce-New-copy-5-300x300.png\" data-large-file=\"https:\/\/integrityisr.com\/wp-content\/uploads\/2019\/08\/Deuce-New-copy-5.png\" role=\"button\" tabindex=\"0\" aria-label=\"Open image 2 of 5 in full-screen\" srcset=\"https:\/\/i2.wp.com\/integrityisr.com\/wp-content\/uploads\/2019\/08\/Deuce-New-copy-5.png?strip=info&#038;w=400&#038;ssl=1 400w\" alt=\"\" data-height=\"400\" data-id=\"1995\" data-link=\"https:\/\/integrityisr.com\/deuce-new-copy-5\/\" data-url=\"https:\/\/integrityisr.com\/wp-content\/uploads\/2019\/08\/Deuce-New-copy-5.png\" data-width=\"400\" src=\"https:\/\/i2.wp.com\/integrityisr.com\/wp-content\/uploads\/2019\/08\/Deuce-New-copy-5.png?ssl=1\"\/><\/figure><figure class=\"tiled-gallery__item\"><img decoding=\"async\" data-attachment-id=\"2183\" data-permalink=\"https:\/\/integrityisr.com\/es\/government-services\/company-2-3\/\" data-orig-file=\"https:\/\/integrityisr.com\/wp-content\/uploads\/2019\/11\/Company-2-3.jpg\" data-orig-size=\"608,604\" data-comments-opened=\"1\" data-image-meta=\"{&quot;aperture&quot;:&quot;0&quot;,&quot;credit&quot;:&quot;&quot;,&quot;camera&quot;:&quot;&quot;,&quot;caption&quot;:&quot;&quot;,&quot;created_timestamp&quot;:&quot;0&quot;,&quot;copyright&quot;:&quot;&quot;,&quot;focal_length&quot;:&quot;0&quot;,&quot;iso&quot;:&quot;0&quot;,&quot;shutter_speed&quot;:&quot;0&quot;,&quot;title&quot;:&quot;&quot;,&quot;orientation&quot;:&quot;1&quot;}\" data-image-title=\"Company-Training\" data-image-description=\"\" data-image-caption=\"\" data-medium-file=\"https:\/\/integrityisr.com\/wp-content\/uploads\/2019\/11\/Company-2-3-300x298.jpg\" data-large-file=\"https:\/\/integrityisr.com\/wp-content\/uploads\/2019\/11\/Company-2-3.jpg\" role=\"button\" tabindex=\"0\" aria-label=\"Open image 3 of 5 in full-screen\" srcset=\"https:\/\/i0.wp.com\/integrityisr.com\/wp-content\/uploads\/2019\/11\/Company-2-3.jpg?strip=info&#038;w=600&#038;ssl=1 600w,https:\/\/i0.wp.com\/integrityisr.com\/wp-content\/uploads\/2019\/11\/Company-2-3.jpg?strip=info&#038;w=608&#038;ssl=1 608w\" alt=\"\" data-height=\"604\" data-id=\"2183\" data-link=\"https:\/\/integrityisr.com\/government-services\/company-2-3\/\" data-url=\"https:\/\/integrityisr.com\/wp-content\/uploads\/2019\/11\/Company-2-3.jpg\" data-width=\"608\" src=\"https:\/\/i0.wp.com\/integrityisr.com\/wp-content\/uploads\/2019\/11\/Company-2-3.jpg?ssl=1\"\/><\/figure><\/div><\/div><div class=\"tiled-gallery__row\"><div class=\"tiled-gallery__col\"><figure class=\"tiled-gallery__item\"><img decoding=\"async\" data-attachment-id=\"2001\" data-permalink=\"https:\/\/integrityisr.com\/es\/train-new-3\/\" data-orig-file=\"https:\/\/integrityisr.com\/wp-content\/uploads\/2019\/08\/Train-New-1.png\" data-orig-size=\"400,400\" data-comments-opened=\"1\" data-image-meta=\"{&quot;aperture&quot;:&quot;0&quot;,&quot;credit&quot;:&quot;&quot;,&quot;camera&quot;:&quot;&quot;,&quot;caption&quot;:&quot;&quot;,&quot;created_timestamp&quot;:&quot;0&quot;,&quot;copyright&quot;:&quot;&quot;,&quot;focal_length&quot;:&quot;0&quot;,&quot;iso&quot;:&quot;0&quot;,&quot;shutter_speed&quot;:&quot;0&quot;,&quot;title&quot;:&quot;&quot;,&quot;orientation&quot;:&quot;0&quot;}\" data-image-title=\"Train New\" data-image-description=\"\" data-image-caption=\"\" data-medium-file=\"https:\/\/integrityisr.com\/wp-content\/uploads\/2019\/08\/Train-New-1-300x300.png\" data-large-file=\"https:\/\/integrityisr.com\/wp-content\/uploads\/2019\/08\/Train-New-1.png\" role=\"button\" tabindex=\"0\" aria-label=\"Open image 4 of 5 in full-screen\" srcset=\"https:\/\/i0.wp.com\/integrityisr.com\/wp-content\/uploads\/2019\/08\/Train-New-1.png?strip=info&#038;w=400&#038;ssl=1 400w\" alt=\"\" data-height=\"400\" data-id=\"2001\" data-link=\"https:\/\/integrityisr.com\/train-new-3\/\" data-url=\"https:\/\/integrityisr.com\/wp-content\/uploads\/2019\/08\/Train-New-1.png\" data-width=\"400\" src=\"https:\/\/i0.wp.com\/integrityisr.com\/wp-content\/uploads\/2019\/08\/Train-New-1.png?ssl=1\"\/><\/figure><\/div><div class=\"tiled-gallery__col\"><figure class=\"tiled-gallery__item\"><img decoding=\"async\" data-attachment-id=\"3446\" data-permalink=\"https:\/\/integrityisr.com\/es\/government-services\/insider-threat1\/\" data-orig-file=\"https:\/\/integrityisr.com\/wp-content\/uploads\/2020\/05\/Insider-Threat1.png\" data-orig-size=\"400,400\" data-comments-opened=\"1\" data-image-meta=\"{&quot;aperture&quot;:&quot;0&quot;,&quot;credit&quot;:&quot;&quot;,&quot;camera&quot;:&quot;&quot;,&quot;caption&quot;:&quot;&quot;,&quot;created_timestamp&quot;:&quot;0&quot;,&quot;copyright&quot;:&quot;&quot;,&quot;focal_length&quot;:&quot;0&quot;,&quot;iso&quot;:&quot;0&quot;,&quot;shutter_speed&quot;:&quot;0&quot;,&quot;title&quot;:&quot;&quot;,&quot;orientation&quot;:&quot;0&quot;}\" data-image-title=\"Insider-Threat1\" data-image-description=\"\" data-image-caption=\"\" data-medium-file=\"https:\/\/integrityisr.com\/wp-content\/uploads\/2020\/05\/Insider-Threat1-300x300.png\" data-large-file=\"https:\/\/integrityisr.com\/wp-content\/uploads\/2020\/05\/Insider-Threat1.png\" role=\"button\" tabindex=\"0\" aria-label=\"Open image 5 of 5 in full-screen\" srcset=\"https:\/\/i0.wp.com\/integrityisr.com\/wp-content\/uploads\/2020\/05\/Insider-Threat1.png?strip=info&#038;w=400&#038;ssl=1 400w\" alt=\"\" data-height=\"400\" data-id=\"3446\" data-link=\"https:\/\/integrityisr.com\/government-services\/insider-threat1\/\" data-url=\"https:\/\/integrityisr.com\/wp-content\/uploads\/2020\/05\/Insider-Threat1.png\" data-width=\"400\" src=\"https:\/\/i0.wp.com\/integrityisr.com\/wp-content\/uploads\/2020\/05\/Insider-Threat1.png?ssl=1\"\/><\/figure><\/div><\/div><\/div><\/div>\n\n\n\n<p class=\"wp-block-paragraph\"><\/p>\n\n\n\n<p style=\"color:#c1da6c\" class=\"has-text-color has-text-align-center has-large-font-size wp-block-paragraph\">#CombatProven<\/p>","protected":false},"excerpt":{"rendered":"<p>Integrity ISR offers a broad array of professional services for domestic and international clients, ranging from analysis, planning, and systems administration, to progressive approaches for using technologies to the fullest. We are training and learning experts across the ISR domain, and can offer you the most progressive, timely and valuable educational experiences available. Our international [&hellip;]<\/p>","protected":false},"author":145379797,"featured_media":0,"parent":0,"menu_order":0,"comment_status":"closed","ping_status":"closed","template":"","meta":{"_coblocks_attr":"","_coblocks_dimensions":"","_coblocks_responsive_height":"","_coblocks_accordion_ie_support":"","_crdt_document":"","_monsterinsights_skip_tracking":false,"_monsterinsights_sitenote_active":false,"_monsterinsights_sitenote_note":"","_monsterinsights_sitenote_category":0,"_uf_show_specific_survey":0,"_uf_disable_surveys":false,"jetpack_post_was_ever_published":false,"footnotes":""},"class_list":["post-1894","page","type-page","status-publish","hentry"],"aioseo_notices":[],"yoast_head":"<!-- This site is optimized with the Yoast SEO plugin v27.4 - https:\/\/yoast.com\/product\/yoast-seo-wordpress\/ -->\n<title>OUR SERVICES - Integrity ISR<\/title>\n<meta name=\"robots\" content=\"index, follow, max-snippet:-1, max-image-preview:large, max-video-preview:-1\" \/>\n<link rel=\"canonical\" href=\"http:\/\/integrityisr.com\/es\/government-services\/\" \/>\n<meta property=\"og:locale\" content=\"es_MX\" \/>\n<meta property=\"og:type\" content=\"article\" \/>\n<meta property=\"og:title\" content=\"OUR SERVICES - Integrity ISR\" \/>\n<meta property=\"og:description\" content=\"Integrity ISR offers a broad array of professional services for domestic and international clients, ranging from analysis, planning, and systems administration, to progressive approaches for using technologies to the fullest. We are training and learning experts across the ISR domain, and can offer you the most progressive, timely and valuable educational experiences available. Our international [&hellip;]\" \/>\n<meta property=\"og:url\" content=\"http:\/\/integrityisr.com\/es\/government-services\/\" \/>\n<meta property=\"og:site_name\" content=\"Integrity ISR\" \/>\n<meta property=\"article:modified_time\" content=\"2020-05-04T20:31:22+00:00\" \/>\n<meta property=\"og:image\" content=\"https:\/\/i2.wp.com\/integrityisr.com\/wp-content\/uploads\/2019\/08\/GPS-New-copy-6.png?ssl=1\" \/>\n<meta name=\"twitter:card\" content=\"summary_large_image\" \/>\n<script type=\"application\/ld+json\" class=\"yoast-schema-graph\">{\"@context\":\"https:\\\/\\\/schema.org\",\"@graph\":[{\"@type\":\"WebPage\",\"@id\":\"http:\\\/\\\/integrityisr.com\\\/government-services\\\/\",\"url\":\"http:\\\/\\\/integrityisr.com\\\/government-services\\\/\",\"name\":\"OUR SERVICES - Integrity ISR\",\"isPartOf\":{\"@id\":\"https:\\\/\\\/integrityisr.com\\\/#website\"},\"primaryImageOfPage\":{\"@id\":\"http:\\\/\\\/integrityisr.com\\\/government-services\\\/#primaryimage\"},\"image\":{\"@id\":\"http:\\\/\\\/integrityisr.com\\\/government-services\\\/#primaryimage\"},\"thumbnailUrl\":\"https:\\\/\\\/i2.wp.com\\\/integrityisr.com\\\/wp-content\\\/uploads\\\/2019\\\/08\\\/GPS-New-copy-6.png?ssl=1\",\"datePublished\":\"2019-08-18T17:27:58+00:00\",\"dateModified\":\"2020-05-04T20:31:22+00:00\",\"breadcrumb\":{\"@id\":\"http:\\\/\\\/integrityisr.com\\\/government-services\\\/#breadcrumb\"},\"inLanguage\":\"es\",\"potentialAction\":[{\"@type\":\"ReadAction\",\"target\":[\"http:\\\/\\\/integrityisr.com\\\/government-services\\\/\"]}]},{\"@type\":\"ImageObject\",\"inLanguage\":\"es\",\"@id\":\"http:\\\/\\\/integrityisr.com\\\/government-services\\\/#primaryimage\",\"url\":\"https:\\\/\\\/i2.wp.com\\\/integrityisr.com\\\/wp-content\\\/uploads\\\/2019\\\/08\\\/GPS-New-copy-6.png?ssl=1\",\"contentUrl\":\"https:\\\/\\\/i2.wp.com\\\/integrityisr.com\\\/wp-content\\\/uploads\\\/2019\\\/08\\\/GPS-New-copy-6.png?ssl=1\"},{\"@type\":\"BreadcrumbList\",\"@id\":\"http:\\\/\\\/integrityisr.com\\\/government-services\\\/#breadcrumb\",\"itemListElement\":[{\"@type\":\"ListItem\",\"position\":1,\"name\":\"Home\",\"item\":\"https:\\\/\\\/integrityisr.com\\\/\"},{\"@type\":\"ListItem\",\"position\":2,\"name\":\"OUR SERVICES\"}]},{\"@type\":\"WebSite\",\"@id\":\"https:\\\/\\\/integrityisr.com\\\/#website\",\"url\":\"https:\\\/\\\/integrityisr.com\\\/\",\"name\":\"Integrity ISR\",\"description\":\"Global Innovative Solutions for C4ISR, Space, and Cyberspace Strategy, Training, and Operations\",\"potentialAction\":[{\"@type\":\"SearchAction\",\"target\":{\"@type\":\"EntryPoint\",\"urlTemplate\":\"https:\\\/\\\/integrityisr.com\\\/?s={search_term_string}\"},\"query-input\":{\"@type\":\"PropertyValueSpecification\",\"valueRequired\":true,\"valueName\":\"search_term_string\"}}],\"inLanguage\":\"es\"}]}<\/script>\n<!-- \/ Yoast SEO plugin. -->","yoast_head_json":{"title":"OUR SERVICES - Integrity ISR","robots":{"index":"index","follow":"follow","max-snippet":"max-snippet:-1","max-image-preview":"max-image-preview:large","max-video-preview":"max-video-preview:-1"},"canonical":"http:\/\/integrityisr.com\/es\/government-services\/","og_locale":"es_MX","og_type":"article","og_title":"OUR SERVICES - Integrity ISR","og_description":"Integrity ISR offers a broad array of professional services for domestic and international clients, ranging from analysis, planning, and systems administration, to progressive approaches for using technologies to the fullest. We are training and learning experts across the ISR domain, and can offer you the most progressive, timely and valuable educational experiences available. Our international [&hellip;]","og_url":"http:\/\/integrityisr.com\/es\/government-services\/","og_site_name":"Integrity ISR","article_modified_time":"2020-05-04T20:31:22+00:00","og_image":[{"url":"https:\/\/i2.wp.com\/integrityisr.com\/wp-content\/uploads\/2019\/08\/GPS-New-copy-6.png?ssl=1","type":"","width":"","height":""}],"twitter_card":"summary_large_image","schema":{"@context":"https:\/\/schema.org","@graph":[{"@type":"WebPage","@id":"http:\/\/integrityisr.com\/government-services\/","url":"http:\/\/integrityisr.com\/government-services\/","name":"OUR SERVICES - Integrity ISR","isPartOf":{"@id":"https:\/\/integrityisr.com\/#website"},"primaryImageOfPage":{"@id":"http:\/\/integrityisr.com\/government-services\/#primaryimage"},"image":{"@id":"http:\/\/integrityisr.com\/government-services\/#primaryimage"},"thumbnailUrl":"https:\/\/i2.wp.com\/integrityisr.com\/wp-content\/uploads\/2019\/08\/GPS-New-copy-6.png?ssl=1","datePublished":"2019-08-18T17:27:58+00:00","dateModified":"2020-05-04T20:31:22+00:00","breadcrumb":{"@id":"http:\/\/integrityisr.com\/government-services\/#breadcrumb"},"inLanguage":"es","potentialAction":[{"@type":"ReadAction","target":["http:\/\/integrityisr.com\/government-services\/"]}]},{"@type":"ImageObject","inLanguage":"es","@id":"http:\/\/integrityisr.com\/government-services\/#primaryimage","url":"https:\/\/i2.wp.com\/integrityisr.com\/wp-content\/uploads\/2019\/08\/GPS-New-copy-6.png?ssl=1","contentUrl":"https:\/\/i2.wp.com\/integrityisr.com\/wp-content\/uploads\/2019\/08\/GPS-New-copy-6.png?ssl=1"},{"@type":"BreadcrumbList","@id":"http:\/\/integrityisr.com\/government-services\/#breadcrumb","itemListElement":[{"@type":"ListItem","position":1,"name":"Home","item":"https:\/\/integrityisr.com\/"},{"@type":"ListItem","position":2,"name":"OUR SERVICES"}]},{"@type":"WebSite","@id":"https:\/\/integrityisr.com\/#website","url":"https:\/\/integrityisr.com\/","name":"Integridad ISR","description":"Soluciones innovadoras globales para la estrategia, la formaci\u00f3n y las operaciones C4ISR, espaciales y ciberespaciales","potentialAction":[{"@type":"SearchAction","target":{"@type":"EntryPoint","urlTemplate":"https:\/\/integrityisr.com\/?s={search_term_string}"},"query-input":{"@type":"PropertyValueSpecification","valueRequired":true,"valueName":"search_term_string"}}],"inLanguage":"es"}]}},"jetpack_likes_enabled":true,"jetpack_sharing_enabled":true,"jetpack_shortlink":"https:\/\/wp.me\/PaiUyX-uy","_links":{"self":[{"href":"https:\/\/integrityisr.com\/es\/wp-json\/wp\/v2\/pages\/1894","targetHints":{"allow":["GET"]}}],"collection":[{"href":"https:\/\/integrityisr.com\/es\/wp-json\/wp\/v2\/pages"}],"about":[{"href":"https:\/\/integrityisr.com\/es\/wp-json\/wp\/v2\/types\/page"}],"author":[{"embeddable":true,"href":"https:\/\/integrityisr.com\/es\/wp-json\/wp\/v2\/users\/145379797"}],"replies":[{"embeddable":true,"href":"https:\/\/integrityisr.com\/es\/wp-json\/wp\/v2\/comments?post=1894"}],"version-history":[{"count":0,"href":"https:\/\/integrityisr.com\/es\/wp-json\/wp\/v2\/pages\/1894\/revisions"}],"wp:attachment":[{"href":"https:\/\/integrityisr.com\/es\/wp-json\/wp\/v2\/media?parent=1894"}],"curies":[{"name":"wp","href":"https:\/\/api.w.org\/{rel}","templated":true}]}}