{"id":4648,"date":"2021-06-09T14:48:06","date_gmt":"2021-06-09T19:48:06","guid":{"rendered":"https:\/\/integrityisr.com\/?page_id=4648"},"modified":"2021-06-16T12:18:48","modified_gmt":"2021-06-16T17:18:48","slug":"iioc","status":"publish","type":"page","link":"https:\/\/integrityisr.com\/es\/iioc\/","title":{"rendered":"IIOC"},"content":{"rendered":"<p class=\"wp-block-paragraph\"><\/p>\n\n\n\n<h4 class=\"has-text-align-center has-background wp-block-heading\" style=\"background-color:#71b0b4\">CENTRO DE OPERACIONES DE INTELIGENCIA DE INTEGRIDAD<\/h4>\n\n\n\n<h5 class=\"has-text-align-center wp-block-heading\"><strong>NUESTRO CENTRO DISTRIBUIDO DE SEGUIMIENTO, AN\u00c1LISIS Y PRODUCCI\u00d3N<\/strong><\/h5>\n\n\n\n<ul class=\"wp-block-list\"><li>Supervisar continuamente todo el espectro de amenazas y elaborar informes de evaluaci\u00f3n de riesgos, informes peri\u00f3dicos e informes estrat\u00e9gicos para clientes gubernamentales y comerciales.<\/li><li>Proporcionar a los clientes productos continuos, anal\u00edticos y de actualidad para crear informes de seguridad, medios sociales, previsi\u00f3n de inversiones y an\u00e1lisis de mercado. <\/li><li>Integrity ISR utiliza plataformas propias basadas en la nube para proporcionar una supervisi\u00f3n y un an\u00e1lisis persistentes utilizando informaci\u00f3n disponible p\u00fablicamente (PAI) e inteligencia de c\u00f3digo abierto (OSINT).<\/li><\/ul>\n\n\n\n<p class=\"wp-block-paragraph\"><strong>Integrity ISR utiliza plataformas propias basadas en la nube para proporcionar una supervisi\u00f3n y un an\u00e1lisis persistentes utilizando informaci\u00f3n p\u00fablicamente disponible (Publicly Available Information, PAI) e inteligencia de fuente abierta (Open Source Intelligence, OSINT).<\/strong><\/p>\n\n\n\n<ul class=\"wp-block-list\"><li>Desarrollar un acceso fiable y continuado a espacios de informaci\u00f3n denegados y controvertidos, incluidos los sitios de medios sociales, las plataformas de mensajer\u00eda y la web profunda y oscura, para elaborar productos de alta calidad, oportunos y pertinentes.<\/li><\/ul>\n\n\n\n<p class=\"has-text-align-left has-very-light-gray-color has-text-color has-background wp-block-paragraph\" style=\"background-color:#0071a1\">NUESTRA SUSCRIPCI\u00d3N<strong> SERVICIOS<\/strong><\/p>\n\n\n\n<ul class=\"wp-block-list\"><li>Supervisi\u00f3n y an\u00e1lisis continuos de fuentes abiertas<\/li><li>Evaluaci\u00f3n continua del personal<\/li><li>Vigilancia continua<\/li><li>Inteligencia empresarial\/Anal\u00edtica<\/li><\/ul>\n\n\n\n<p class=\"has-very-light-gray-color has-text-color has-background wp-block-paragraph\" style=\"background-color:#0071a1\">PUNTUAL Y A MEDIDA <strong>PRODUCTOS<\/strong><\/p>\n\n\n\n<ul class=\"wp-block-list\"><li>Informes de evaluaci\u00f3n de riesgos El IIOC, en colaboraci\u00f3n con las necesidades del cliente, crear\u00e1 un entorno de supervisi\u00f3n 24\/7 para proporcionar alertas continuas a los responsables de la toma de decisiones sobre una serie de temas, como el entorno de seguridad, el cambio en la presencia en los medios sociales, las tendencias del mercado y los retos geopol\u00edticos y de estabilidad regional.<\/li><li>Informes peri\u00f3dicos En funci\u00f3n de las necesidades de los clientes, el IIOC proporciona informes peri\u00f3dicos de inteligencia de grado militar sobre \u00e1reas espec\u00edficas de inter\u00e9s, como el despliegue de seguridad local y regional, la presencia\/evaluaci\u00f3n en los medios sociales, las tendencias del mercado y las evaluaciones geopol\u00edticas.<\/li><li>Estudios espec\u00edficos\/Productos espec\u00edficos Basados en las necesidades y requisitos del cliente<br>el IIOC crear\u00e1 productos de inteligencia de grado militar para responder a una pregunta o \u00e1rea de inter\u00e9s espec\u00edfica. Por ejemplo, cuestiones espec\u00edficas de seguridad, pol\u00edtica o vulnerabilidad, an\u00e1lisis de mercado o evaluaciones de redes sociales.<\/li><\/ul>\n\n\n\n<p class=\"has-very-light-gray-color has-text-color has-background wp-block-paragraph\" style=\"background-color:#0071a1\">IIOC <strong>FUENTES<\/strong><\/p>\n\n\n\n<p class=\"wp-block-paragraph\">Aprovechamos la sofisticada inteligencia artificial y el aprendizaje autom\u00e1tico para cribar miles de millones de fuentes de inteligencia de c\u00f3digo abierto, lo que permite a nuestros experimentados analistas humanos centrarse en tareas de an\u00e1lisis de primera calidad. <\/p>\n\n\n\n<ul class=\"wp-block-list\"><li>90 millones de dominios \u00fanicos y en aumento: medios de comunicaci\u00f3n, redes sociales, tablones de anuncios e incluso la web profunda y oscura.<\/li><li>Nuestro sistema procesa m\u00e1s de 22.600 millones de art\u00edculos al d\u00eda, lo que equivale a 15,7 millones de instancias por minuto, \u00a1y sigue creciendo!<\/li><li>Nuestro sistema extrae datos de origen (autor, IP, WHOIS) y georreferenciaci\u00f3n (2 factores, geoetiquetado de im\u00e1genes).<\/li><\/ul>\n\n\n\n<h4 class=\"has-text-align-center has-background wp-block-heading\" style=\"background-color:#71b0b4\">Cultura de confianza<\/h4>\n\n\n\n<blockquote class=\"wp-block-quote is-layout-flow wp-block-quote-is-layout-flow\"><p><em>En Integrity ISR, nos exigimos a nosotros mismos y a nuestros empleados los m\u00e1s altos est\u00e1ndares de integridad y buenas pr\u00e1cticas \u00e9ticas en la comunidad de inteligencia.<\/em><\/p><\/blockquote>\n\n\n\n<ul class=\"wp-block-list\"><li>Todos los miembros del equipo del IIOC est\u00e1n formados en normas \u00e9ticas y legales para llevar a cabo la recogida y el an\u00e1lisis.<\/li><li>Todos nuestros empleados deben cumplir las normas m\u00e1s estrictas como condici\u00f3n de empleo, y aceptan someterse a un control continuo.<\/li><\/ul>\n\n\n\n<p class=\"has-text-align-center wp-block-paragraph\"><strong><em>Proteger la privacidad de nuestros clientes es nuestra prioridad n\u00famero uno.<\/em><\/strong><\/p>\n\n\n\n<p class=\"has-text-align-center wp-block-paragraph\">###<\/p>\n\n\n\n<p class=\"wp-block-paragraph\"><\/p>\n\n\n\n<div class=\"wp-block-image\"><figure class=\"aligncenter size-large is-resized\"><img fetchpriority=\"high\" decoding=\"async\" data-attachment-id=\"4668\" data-permalink=\"https:\/\/integrityisr.com\/es\/iioc\/ops-center-2\/\" data-orig-file=\"https:\/\/integrityisr.com\/wp-content\/uploads\/2021\/06\/ops-center-2.jpg\" data-orig-size=\"1000,667\" data-comments-opened=\"1\" data-image-meta=\"{&quot;aperture&quot;:&quot;0&quot;,&quot;credit&quot;:&quot;&quot;,&quot;camera&quot;:&quot;&quot;,&quot;caption&quot;:&quot;&quot;,&quot;created_timestamp&quot;:&quot;0&quot;,&quot;copyright&quot;:&quot;&quot;,&quot;focal_length&quot;:&quot;0&quot;,&quot;iso&quot;:&quot;0&quot;,&quot;shutter_speed&quot;:&quot;0&quot;,&quot;title&quot;:&quot;&quot;,&quot;orientation&quot;:&quot;1&quot;}\" data-image-title=\"ops-center-2\" data-image-description=\"\" data-image-caption=\"\" data-medium-file=\"https:\/\/integrityisr.com\/wp-content\/uploads\/2021\/06\/ops-center-2-300x200.jpg\" data-large-file=\"https:\/\/integrityisr.com\/wp-content\/uploads\/2021\/06\/ops-center-2.jpg\" src=\"https:\/\/integrityisr.com\/wp-content\/uploads\/2021\/06\/ops-center-2.jpg\" alt=\"\" class=\"wp-image-4668\" width=\"500\" height=\"334\" srcset=\"https:\/\/integrityisr.com\/wp-content\/uploads\/2021\/06\/ops-center-2.jpg 1000w, https:\/\/integrityisr.com\/wp-content\/uploads\/2021\/06\/ops-center-2-300x200.jpg 300w, https:\/\/integrityisr.com\/wp-content\/uploads\/2021\/06\/ops-center-2-768x512.jpg 768w, https:\/\/integrityisr.com\/wp-content\/uploads\/2021\/06\/ops-center-2-700x467.jpg 700w, https:\/\/integrityisr.com\/wp-content\/uploads\/2021\/06\/ops-center-2-900x600.jpg 900w, https:\/\/integrityisr.com\/wp-content\/uploads\/2021\/06\/ops-center-2-600x400.jpg 600w\" sizes=\"(max-width: 500px) 100vw, 500px\" \/><\/figure><\/div>\n\n\n\n<p class=\"has-text-align-center has-text-color has-large-font-size wp-block-paragraph\" style=\"color:#c1da6c\">#CombatProven<\/p>","protected":false},"excerpt":{"rendered":"<p>INTEGRITY INTELLIGENCE OPERATIONS CENTER OUR DISTRIBUTED MONITORING, ANALYSIS, and PRODUCTION CENTER Continuously monitor against full spectrum threats and produce risk assessment reports, periodic reports, and strategic reports for Government and Commercial customers. Provide ongoing, analytical, and topical products for clients to create security, social media, investment forecasting, and market analysis reports. Integrity ISR uses proprietary [&hellip;]<\/p>","protected":false},"author":145379797,"featured_media":0,"parent":0,"menu_order":0,"comment_status":"closed","ping_status":"closed","template":"","meta":{"_coblocks_attr":"","_coblocks_dimensions":"","_coblocks_responsive_height":"","_coblocks_accordion_ie_support":"","_crdt_document":"","_monsterinsights_skip_tracking":false,"_monsterinsights_sitenote_active":false,"_monsterinsights_sitenote_note":"","_monsterinsights_sitenote_category":0,"_uf_show_specific_survey":0,"_uf_disable_surveys":false,"jetpack_post_was_ever_published":false,"footnotes":""},"class_list":["post-4648","page","type-page","status-publish","hentry"],"aioseo_notices":[],"yoast_head":"<!-- This site is optimized with the Yoast SEO plugin v27.4 - https:\/\/yoast.com\/product\/yoast-seo-wordpress\/ -->\n<title>IIOC - Integrity ISR<\/title>\n<meta name=\"robots\" content=\"index, follow, max-snippet:-1, max-image-preview:large, max-video-preview:-1\" \/>\n<link rel=\"canonical\" href=\"http:\/\/integrityisr.com\/es\/iioc\/\" \/>\n<meta property=\"og:locale\" content=\"es_MX\" \/>\n<meta property=\"og:type\" content=\"article\" \/>\n<meta property=\"og:title\" content=\"IIOC - Integrity ISR\" \/>\n<meta property=\"og:description\" content=\"INTEGRITY INTELLIGENCE OPERATIONS CENTER OUR DISTRIBUTED MONITORING, ANALYSIS, and PRODUCTION CENTER Continuously monitor against full spectrum threats and produce risk assessment reports, periodic reports, and strategic reports for Government and Commercial customers. Provide ongoing, analytical, and topical products for clients to create security, social media, investment forecasting, and market analysis reports. Integrity ISR uses proprietary [&hellip;]\" \/>\n<meta property=\"og:url\" content=\"http:\/\/integrityisr.com\/es\/iioc\/\" \/>\n<meta property=\"og:site_name\" content=\"Integrity ISR\" \/>\n<meta property=\"article:modified_time\" content=\"2021-06-16T17:18:48+00:00\" \/>\n<meta property=\"og:image\" content=\"https:\/\/integrityisr.com\/wp-content\/uploads\/2021\/06\/ops-center-2.jpg\" \/>\n<meta name=\"twitter:card\" content=\"summary_large_image\" \/>\n<meta name=\"twitter:label1\" content=\"Tiempo de lectura\" \/>\n\t<meta name=\"twitter:data1\" content=\"2 minutos\" \/>\n<script type=\"application\/ld+json\" class=\"yoast-schema-graph\">{\"@context\":\"https:\\\/\\\/schema.org\",\"@graph\":[{\"@type\":\"WebPage\",\"@id\":\"http:\\\/\\\/integrityisr.com\\\/iioc\\\/\",\"url\":\"http:\\\/\\\/integrityisr.com\\\/iioc\\\/\",\"name\":\"IIOC - Integrity ISR\",\"isPartOf\":{\"@id\":\"https:\\\/\\\/integrityisr.com\\\/#website\"},\"primaryImageOfPage\":{\"@id\":\"http:\\\/\\\/integrityisr.com\\\/iioc\\\/#primaryimage\"},\"image\":{\"@id\":\"http:\\\/\\\/integrityisr.com\\\/iioc\\\/#primaryimage\"},\"thumbnailUrl\":\"https:\\\/\\\/integrityisr.com\\\/wp-content\\\/uploads\\\/2021\\\/06\\\/ops-center-2.jpg\",\"datePublished\":\"2021-06-09T19:48:06+00:00\",\"dateModified\":\"2021-06-16T17:18:48+00:00\",\"breadcrumb\":{\"@id\":\"http:\\\/\\\/integrityisr.com\\\/iioc\\\/#breadcrumb\"},\"inLanguage\":\"es\",\"potentialAction\":[{\"@type\":\"ReadAction\",\"target\":[\"http:\\\/\\\/integrityisr.com\\\/iioc\\\/\"]}]},{\"@type\":\"ImageObject\",\"inLanguage\":\"es\",\"@id\":\"http:\\\/\\\/integrityisr.com\\\/iioc\\\/#primaryimage\",\"url\":\"https:\\\/\\\/integrityisr.com\\\/wp-content\\\/uploads\\\/2021\\\/06\\\/ops-center-2.jpg\",\"contentUrl\":\"https:\\\/\\\/integrityisr.com\\\/wp-content\\\/uploads\\\/2021\\\/06\\\/ops-center-2.jpg\"},{\"@type\":\"BreadcrumbList\",\"@id\":\"http:\\\/\\\/integrityisr.com\\\/iioc\\\/#breadcrumb\",\"itemListElement\":[{\"@type\":\"ListItem\",\"position\":1,\"name\":\"Home\",\"item\":\"https:\\\/\\\/integrityisr.com\\\/\"},{\"@type\":\"ListItem\",\"position\":2,\"name\":\"IIOC\"}]},{\"@type\":\"WebSite\",\"@id\":\"https:\\\/\\\/integrityisr.com\\\/#website\",\"url\":\"https:\\\/\\\/integrityisr.com\\\/\",\"name\":\"Integrity ISR\",\"description\":\"Global Innovative Solutions for C4ISR, Space, and Cyberspace Strategy, Training, and Operations\",\"potentialAction\":[{\"@type\":\"SearchAction\",\"target\":{\"@type\":\"EntryPoint\",\"urlTemplate\":\"https:\\\/\\\/integrityisr.com\\\/?s={search_term_string}\"},\"query-input\":{\"@type\":\"PropertyValueSpecification\",\"valueRequired\":true,\"valueName\":\"search_term_string\"}}],\"inLanguage\":\"es\"}]}<\/script>\n<!-- \/ Yoast SEO plugin. -->","yoast_head_json":{"title":"IIOC - Integrity ISR","robots":{"index":"index","follow":"follow","max-snippet":"max-snippet:-1","max-image-preview":"max-image-preview:large","max-video-preview":"max-video-preview:-1"},"canonical":"http:\/\/integrityisr.com\/es\/iioc\/","og_locale":"es_MX","og_type":"article","og_title":"IIOC - Integrity ISR","og_description":"INTEGRITY INTELLIGENCE OPERATIONS CENTER OUR DISTRIBUTED MONITORING, ANALYSIS, and PRODUCTION CENTER Continuously monitor against full spectrum threats and produce risk assessment reports, periodic reports, and strategic reports for Government and Commercial customers. Provide ongoing, analytical, and topical products for clients to create security, social media, investment forecasting, and market analysis reports. Integrity ISR uses proprietary [&hellip;]","og_url":"http:\/\/integrityisr.com\/es\/iioc\/","og_site_name":"Integrity ISR","article_modified_time":"2021-06-16T17:18:48+00:00","og_image":[{"url":"https:\/\/integrityisr.com\/wp-content\/uploads\/2021\/06\/ops-center-2.jpg","type":"","width":"","height":""}],"twitter_card":"summary_large_image","twitter_misc":{"Tiempo de lectura":"2 minutos"},"schema":{"@context":"https:\/\/schema.org","@graph":[{"@type":"WebPage","@id":"http:\/\/integrityisr.com\/iioc\/","url":"http:\/\/integrityisr.com\/iioc\/","name":"IIOC - Integrity ISR","isPartOf":{"@id":"https:\/\/integrityisr.com\/#website"},"primaryImageOfPage":{"@id":"http:\/\/integrityisr.com\/iioc\/#primaryimage"},"image":{"@id":"http:\/\/integrityisr.com\/iioc\/#primaryimage"},"thumbnailUrl":"https:\/\/integrityisr.com\/wp-content\/uploads\/2021\/06\/ops-center-2.jpg","datePublished":"2021-06-09T19:48:06+00:00","dateModified":"2021-06-16T17:18:48+00:00","breadcrumb":{"@id":"http:\/\/integrityisr.com\/iioc\/#breadcrumb"},"inLanguage":"es","potentialAction":[{"@type":"ReadAction","target":["http:\/\/integrityisr.com\/iioc\/"]}]},{"@type":"ImageObject","inLanguage":"es","@id":"http:\/\/integrityisr.com\/iioc\/#primaryimage","url":"https:\/\/integrityisr.com\/wp-content\/uploads\/2021\/06\/ops-center-2.jpg","contentUrl":"https:\/\/integrityisr.com\/wp-content\/uploads\/2021\/06\/ops-center-2.jpg"},{"@type":"BreadcrumbList","@id":"http:\/\/integrityisr.com\/iioc\/#breadcrumb","itemListElement":[{"@type":"ListItem","position":1,"name":"Home","item":"https:\/\/integrityisr.com\/"},{"@type":"ListItem","position":2,"name":"IIOC"}]},{"@type":"WebSite","@id":"https:\/\/integrityisr.com\/#website","url":"https:\/\/integrityisr.com\/","name":"Integridad ISR","description":"Soluciones innovadoras globales para la estrategia, la formaci\u00f3n y las operaciones C4ISR, espaciales y ciberespaciales","potentialAction":[{"@type":"SearchAction","target":{"@type":"EntryPoint","urlTemplate":"https:\/\/integrityisr.com\/?s={search_term_string}"},"query-input":{"@type":"PropertyValueSpecification","valueRequired":true,"valueName":"search_term_string"}}],"inLanguage":"es"}]}},"jetpack_likes_enabled":true,"jetpack_sharing_enabled":false,"jetpack_shortlink":"https:\/\/wp.me\/PaiUyX-1cY","_links":{"self":[{"href":"https:\/\/integrityisr.com\/es\/wp-json\/wp\/v2\/pages\/4648","targetHints":{"allow":["GET"]}}],"collection":[{"href":"https:\/\/integrityisr.com\/es\/wp-json\/wp\/v2\/pages"}],"about":[{"href":"https:\/\/integrityisr.com\/es\/wp-json\/wp\/v2\/types\/page"}],"author":[{"embeddable":true,"href":"https:\/\/integrityisr.com\/es\/wp-json\/wp\/v2\/users\/145379797"}],"replies":[{"embeddable":true,"href":"https:\/\/integrityisr.com\/es\/wp-json\/wp\/v2\/comments?post=4648"}],"version-history":[{"count":0,"href":"https:\/\/integrityisr.com\/es\/wp-json\/wp\/v2\/pages\/4648\/revisions"}],"wp:attachment":[{"href":"https:\/\/integrityisr.com\/es\/wp-json\/wp\/v2\/media?parent=4648"}],"curies":[{"name":"wp","href":"https:\/\/api.w.org\/{rel}","templated":true}]}}