{"id":10609,"date":"2025-11-22T10:49:07","date_gmt":"2025-11-22T16:49:07","guid":{"rendered":"https:\/\/integrityisr.com\/?page_id=10609"},"modified":"2025-11-24T12:39:04","modified_gmt":"2025-11-24T18:39:04","slug":"newsroom","status":"publish","type":"page","link":"https:\/\/integrityisr.com\/pt\/newsroom\/","title":{"rendered":"Sala de Imprensa"},"content":{"rendered":"<div data-elementor-type=\"wp-page\" data-elementor-id=\"10609\" class=\"elementor elementor-10609\" data-elementor-post-type=\"page\">\n\t\t\t\t<div class=\"elementor-element elementor-element-621100dd e-con-full e-flex e-con e-parent\" data-id=\"621100dd\" data-element_type=\"container\">\n\t\t\t\t<div class=\"elementor-element elementor-element-1f8517b0 elementor-widget elementor-widget-heading\" data-id=\"1f8517b0\" data-element_type=\"widget\" data-widget_type=\"heading.default\">\n\t\t\t\t\t<h1 class=\"elementor-heading-title elementor-size-default\">Sala de Imprensa<\/h1>\t\t\t\t<\/div>\n\t\t\t\t<div class=\"elementor-element elementor-element-442e603d elementor-widget elementor-widget-text-editor\" data-id=\"442e603d\" data-element_type=\"widget\" data-widget_type=\"text-editor.default\">\n\t\t\t\t\t\t\t\t\t<p>Insights de neg\u00f3cios e artigos escritos por nossa equipe de profissionais de classe mundial<\/p>\t\t\t\t\t\t\t\t<\/div>\n\t\t\t\t<\/div>\n\t\t<div class=\"elementor-element elementor-element-5f518882 e-con-full e-flex e-con e-parent\" data-id=\"5f518882\" data-element_type=\"container\">\n\t\t\t\t<div class=\"elementor-element elementor-element-400f77f5 elementor-grid-tablet-1 elementor-grid-3 elementor-grid-mobile-1 elementor-posts--thumbnail-top load-more-align-center elementor-widget elementor-widget-posts\" data-id=\"400f77f5\" data-element_type=\"widget\" data-settings=\"{&quot;classic_row_gap_mobile&quot;:{&quot;unit&quot;:&quot;px&quot;,&quot;size&quot;:52,&quot;sizes&quot;:[]},&quot;pagination_type&quot;:&quot;load_more_on_click&quot;,&quot;classic_columns_tablet&quot;:&quot;1&quot;,&quot;classic_columns&quot;:&quot;3&quot;,&quot;classic_columns_mobile&quot;:&quot;1&quot;,&quot;classic_row_gap&quot;:{&quot;unit&quot;:&quot;px&quot;,&quot;size&quot;:35,&quot;sizes&quot;:[]},&quot;classic_row_gap_tablet&quot;:{&quot;unit&quot;:&quot;px&quot;,&quot;size&quot;:&quot;&quot;,&quot;sizes&quot;:[]},&quot;load_more_spinner&quot;:{&quot;value&quot;:&quot;fas fa-spinner&quot;,&quot;library&quot;:&quot;fa-solid&quot;}}\" data-widget_type=\"posts.classic\">\n\t\t\t\t<div class=\"elementor-widget-container\">\n\t\t\t\t\t\t\t<div class=\"elementor-posts-container elementor-posts elementor-posts--skin-classic elementor-grid\" role=\"list\">\n\t\t\t\t<article class=\"elementor-post elementor-grid-item post-10666 post type-post status-publish format-standard has-post-thumbnail hentry category-newsroom\" role=\"listitem\">\n\t\t\t\t<a class=\"elementor-post__thumbnail__link\" href=\"https:\/\/integrityisr.com\/pt\/drone-warfare-has-changed-the-battlefield-forever\/\" tabindex=\"-1\">\n\t\t\t<div class=\"elementor-post__thumbnail\"><img fetchpriority=\"high\" decoding=\"async\" data-attachment-id=\"10676\" data-permalink=\"https:\/\/integrityisr.com\/pt\/drone-warfare-has-changed-the-battlefield-forever\/chadthumbnail\/\" data-orig-file=\"https:\/\/integrityisr.com\/wp-content\/uploads\/2025\/11\/chadthumbnail.png\" data-orig-size=\"1280,720\" data-comments-opened=\"1\" data-image-meta=\"{&quot;aperture&quot;:&quot;0&quot;,&quot;credit&quot;:&quot;&quot;,&quot;camera&quot;:&quot;&quot;,&quot;caption&quot;:&quot;&quot;,&quot;created_timestamp&quot;:&quot;0&quot;,&quot;copyright&quot;:&quot;&quot;,&quot;focal_length&quot;:&quot;0&quot;,&quot;iso&quot;:&quot;0&quot;,&quot;shutter_speed&quot;:&quot;0&quot;,&quot;title&quot;:&quot;&quot;,&quot;orientation&quot;:&quot;0&quot;}\" data-image-title=\"chadthumbnail\" data-image-description=\"\" data-image-caption=\"\" data-medium-file=\"https:\/\/integrityisr.com\/wp-content\/uploads\/2025\/11\/chadthumbnail-300x169.png\" data-large-file=\"https:\/\/integrityisr.com\/wp-content\/uploads\/2025\/11\/chadthumbnail-1024x576.png\" width=\"768\" height=\"432\" src=\"https:\/\/integrityisr.com\/wp-content\/uploads\/2025\/11\/chadthumbnail-768x432.png\" class=\"attachment-medium_large size-medium_large wp-image-10676\" alt=\"\" srcset=\"https:\/\/integrityisr.com\/wp-content\/uploads\/2025\/11\/chadthumbnail-768x432.png 768w, https:\/\/integrityisr.com\/wp-content\/uploads\/2025\/11\/chadthumbnail-300x169.png 300w, https:\/\/integrityisr.com\/wp-content\/uploads\/2025\/11\/chadthumbnail-1024x576.png 1024w, https:\/\/integrityisr.com\/wp-content\/uploads\/2025\/11\/chadthumbnail-18x10.png 18w, https:\/\/integrityisr.com\/wp-content\/uploads\/2025\/11\/chadthumbnail.png 1280w\" sizes=\"(max-width: 768px) 100vw, 768px\" \/><\/div>\n\t\t<\/a>\n\t\t\t\t<div class=\"elementor-post__text\">\n\t\t\t\t<h3 class=\"elementor-post__title\">\n\t\t\t<a href=\"https:\/\/integrityisr.com\/pt\/drone-warfare-has-changed-the-battlefield-forever\/\">\n\t\t\t\tA guerra com drones mudou o campo de batalha para sempre - Chad Hartman explica o que vem a seguir\t\t\t<\/a>\n\t\t<\/h3>\n\t\t\t\t<div class=\"elementor-post__meta-data\">\n\t\t\t\t\t<span class=\"elementor-post-date\">\n\t\t\tnovembro 25, 2025\t\t<\/span>\n\t\t\t\t<\/div>\n\t\t\t\t<div class=\"elementor-post__excerpt\">\n\t\t\t<p>Na Ucr\u00e2nia, o car\u00e1ter da guerra est\u00e1 mudando mais rapidamente do que em qualquer outro momento da hist\u00f3ria recente. O que come\u00e7ou como uma invas\u00e3o convencional, de for\u00e7a contra for\u00e7a, evoluiu<\/p>\n\t\t<\/div>\n\t\t\n\t\t<a class=\"elementor-post__read-more\" href=\"https:\/\/integrityisr.com\/pt\/drone-warfare-has-changed-the-battlefield-forever\/\" aria-label=\"Leia mais sobre Drone Warfare Has Changed the Battlefield Forever \u2014 Chad Hartman Breaks Down What Comes Next\" tabindex=\"-1\">\n\t\t\tLeia mais &gt;\t\t<\/a>\n\n\t\t\t\t<\/div>\n\t\t\t\t<\/article>\n\t\t\t\t<article class=\"elementor-post elementor-grid-item post-10643 post type-post status-publish format-standard has-post-thumbnail hentry category-newsroom\" role=\"listitem\">\n\t\t\t\t<a class=\"elementor-post__thumbnail__link\" href=\"https:\/\/integrityisr.com\/pt\/integrity-isr-recognized-in-natos-space-actors-register\/\" tabindex=\"-1\">\n\t\t\t<div class=\"elementor-post__thumbnail\"><img decoding=\"async\" data-attachment-id=\"10649\" data-permalink=\"https:\/\/integrityisr.com\/pt\/integrity-isr-recognized-in-natos-space-actors-register\/newsroombanner1\/\" data-orig-file=\"https:\/\/integrityisr.com\/wp-content\/uploads\/2025\/11\/newsroombanner1.png\" data-orig-size=\"1920,1080\" data-comments-opened=\"1\" data-image-meta=\"{&quot;aperture&quot;:&quot;0&quot;,&quot;credit&quot;:&quot;&quot;,&quot;camera&quot;:&quot;&quot;,&quot;caption&quot;:&quot;&quot;,&quot;created_timestamp&quot;:&quot;0&quot;,&quot;copyright&quot;:&quot;&quot;,&quot;focal_length&quot;:&quot;0&quot;,&quot;iso&quot;:&quot;0&quot;,&quot;shutter_speed&quot;:&quot;0&quot;,&quot;title&quot;:&quot;&quot;,&quot;orientation&quot;:&quot;0&quot;}\" data-image-title=\"newsroombanner1\" data-image-description=\"\" data-image-caption=\"\" data-medium-file=\"https:\/\/integrityisr.com\/wp-content\/uploads\/2025\/11\/newsroombanner1-300x169.png\" data-large-file=\"https:\/\/integrityisr.com\/wp-content\/uploads\/2025\/11\/newsroombanner1-1024x576.png\" width=\"768\" height=\"432\" src=\"https:\/\/integrityisr.com\/wp-content\/uploads\/2025\/11\/newsroombanner1-768x432.png\" class=\"attachment-medium_large size-medium_large wp-image-10649\" alt=\"\" srcset=\"https:\/\/integrityisr.com\/wp-content\/uploads\/2025\/11\/newsroombanner1-768x432.png 768w, https:\/\/integrityisr.com\/wp-content\/uploads\/2025\/11\/newsroombanner1-300x169.png 300w, https:\/\/integrityisr.com\/wp-content\/uploads\/2025\/11\/newsroombanner1-1024x576.png 1024w, https:\/\/integrityisr.com\/wp-content\/uploads\/2025\/11\/newsroombanner1-1536x864.png 1536w, https:\/\/integrityisr.com\/wp-content\/uploads\/2025\/11\/newsroombanner1-18x10.png 18w, https:\/\/integrityisr.com\/wp-content\/uploads\/2025\/11\/newsroombanner1.png 1920w\" sizes=\"(max-width: 768px) 100vw, 768px\" \/><\/div>\n\t\t<\/a>\n\t\t\t\t<div class=\"elementor-post__text\">\n\t\t\t\t<h3 class=\"elementor-post__title\">\n\t\t\t<a href=\"https:\/\/integrityisr.com\/pt\/integrity-isr-recognized-in-natos-space-actors-register\/\">\n\t\t\t\tIntegrity ISR \u00e9 reconhecida no Registro de Atores Espaciais da OTAN\t\t\t<\/a>\n\t\t<\/h3>\n\t\t\t\t<div class=\"elementor-post__meta-data\">\n\t\t\t\t\t<span class=\"elementor-post-date\">\n\t\t\tnovembro 24, 2025\t\t<\/span>\n\t\t\t\t<\/div>\n\t\t\t\t<div class=\"elementor-post__excerpt\">\n\t\t\t<p>Da EIN Presswire: WASHINGTON , DC, ESTADOS UNIDOS, 7 de outubro de 2025 \/ EINPresswire.com \/ - A Integrity ISR foi formalmente reconhecida por sua experi\u00eancia no mercado global de<\/p>\n\t\t<\/div>\n\t\t\n\t\t<a class=\"elementor-post__read-more\" href=\"https:\/\/integrityisr.com\/pt\/integrity-isr-recognized-in-natos-space-actors-register\/\" aria-label=\"Leia mais sobre Integrity ISR Recognized in NATO\u2019s Space Actors Register\" tabindex=\"-1\">\n\t\t\tLeia mais &gt;\t\t<\/a>\n\n\t\t\t\t<\/div>\n\t\t\t\t<\/article>\n\t\t\t\t<\/div>\n\t\t\t\t\t<span class=\"e-load-more-spinner\">\n\t\t\t\t<svg aria-hidden=\"true\" class=\"e-font-icon-svg e-fas-spinner\" viewbox=\"0 0 512 512\" xmlns=\"http:\/\/www.w3.org\/2000\/svg\"><path d=\"M304 48c0 26.51-21.49 48-48 48s-48-21.49-48-48 21.49-48 48-48 48 21.49 48 48zm-48 368c-26.51 0-48 21.49-48 48s21.49 48 48 48 48-21.49 48-48-21.49-48-48-48zm208-208c-26.51 0-48 21.49-48 48s21.49 48 48 48 48-21.49 48-48-21.49-48-48-48zM96 256c0-26.51-21.49-48-48-48S0 229.49 0 256s21.49 48 48 48 48-21.49 48-48zm12.922 99.078c-26.51 0-48 21.49-48 48s21.49 48 48 48 48-21.49 48-48c0-26.509-21.491-48-48-48zm294.156 0c-26.51 0-48 21.49-48 48s21.49 48 48 48 48-21.49 48-48c0-26.509-21.49-48-48-48zM108.922 60.922c-26.51 0-48 21.49-48 48s21.49 48 48 48 48-21.49 48-48-21.491-48-48-48z\"><\/path><\/svg>\t\t\t<\/span>\n\t\t\n\t\t\t\t\t\t<\/div>\n\t\t\t\t<\/div>\n\t\t\t\t<\/div>\n\t\t<div class=\"elementor-element elementor-element-563d199c e-con-full e-flex e-con e-parent\" data-id=\"563d199c\" data-element_type=\"container\" data-settings=\"{&quot;background_background&quot;:&quot;classic&quot;}\">\n\t\t<div class=\"elementor-element elementor-element-128b1599 e-con-full e-flex e-con e-child\" data-id=\"128b1599\" data-element_type=\"container\">\n\t\t\t\t<div class=\"elementor-element elementor-element-5086d4e4 elementor-widget elementor-widget-heading\" data-id=\"5086d4e4\" data-element_type=\"widget\" data-widget_type=\"heading.default\">\n\t\t\t\t\t<h2 class=\"elementor-heading-title elementor-size-default\">pronto para levar sua empresa ao pr\u00f3ximo n\u00edvel? <\/h2>\t\t\t\t<\/div>\n\t\t\t\t<\/div>\n\t\t<div class=\"elementor-element elementor-element-394dfb8a e-con-full e-flex e-con e-child\" data-id=\"394dfb8a\" data-element_type=\"container\">\n\t\t\t\t<div class=\"elementor-element elementor-element-3efed5fd elementor-widget elementor-widget-heading\" data-id=\"3efed5fd\" data-element_type=\"widget\" data-widget_type=\"heading.default\">\n\t\t\t\t\t<h2 class=\"elementor-heading-title elementor-size-default\">Entre em contato hoje mesmo e receba uma consulta gratuita.<\/h2>\t\t\t\t<\/div>\n\t\t\t\t<div class=\"elementor-element elementor-element-6479ea59 elementor-widget elementor-widget-button\" data-id=\"6479ea59\" data-element_type=\"widget\" data-widget_type=\"button.default\">\n\t\t\t\t\t\t\t\t\t\t<a class=\"elementor-button elementor-button-link elementor-size-sm\" href=\"#\">\n\t\t\t\t\t\t<span class=\"elementor-button-content-wrapper\">\n\t\t\t\t\t\t\t\t\t<span class=\"elementor-button-text\">Solicite uma consulta &gt;<\/span>\n\t\t\t\t\t<\/span>\n\t\t\t\t\t<\/a>\n\t\t\t\t\t\t\t\t<\/div>\n\t\t\t\t<\/div>\n\t\t\t\t<\/div>\n\t\t\t\t<\/div>","protected":false},"excerpt":{"rendered":"<p>Newsroom Business insights and articles written by our team of world-class professionals ready to take your business to the next level? Get in touch today and receive a complimentary consultation. Request a consultation &gt;<\/p>","protected":false},"author":151712016,"featured_media":0,"parent":0,"menu_order":0,"comment_status":"closed","ping_status":"closed","template":"","meta":{"_coblocks_attr":"","_coblocks_dimensions":"","_coblocks_responsive_height":"","_coblocks_accordion_ie_support":"","_crdt_document":"","_monsterinsights_skip_tracking":false,"_monsterinsights_sitenote_active":false,"_monsterinsights_sitenote_note":"","_monsterinsights_sitenote_category":0,"_uf_show_specific_survey":0,"_uf_disable_surveys":false,"jetpack_post_was_ever_published":false,"footnotes":""},"class_list":["post-10609","page","type-page","status-publish","hentry"],"aioseo_notices":[],"yoast_head":"<!-- This site is optimized with the Yoast SEO plugin v26.8 - https:\/\/yoast.com\/product\/yoast-seo-wordpress\/ -->\n<title>Newsroom - Integrity ISR<\/title>\n<meta name=\"robots\" content=\"index, follow, max-snippet:-1, max-image-preview:large, max-video-preview:-1\" \/>\n<link rel=\"canonical\" href=\"https:\/\/integrityisr.com\/pt\/newsroom\/\" \/>\n<meta property=\"og:locale\" content=\"pt_BR\" \/>\n<meta property=\"og:type\" content=\"article\" \/>\n<meta property=\"og:title\" content=\"Newsroom - Integrity ISR\" \/>\n<meta property=\"og:description\" content=\"Newsroom Business insights and articles written by our team of world-class professionals ready to take your business to the next level? Get in touch today and receive a complimentary consultation. Request a consultation &gt;\" \/>\n<meta property=\"og:url\" content=\"https:\/\/integrityisr.com\/pt\/newsroom\/\" \/>\n<meta property=\"og:site_name\" content=\"Integrity ISR\" \/>\n<meta property=\"article:modified_time\" content=\"2025-11-24T18:39:04+00:00\" \/>\n<meta name=\"twitter:card\" content=\"summary_large_image\" \/>\n<meta name=\"twitter:label1\" content=\"Est. tempo de leitura\" \/>\n\t<meta name=\"twitter:data1\" content=\"2 minutos\" \/>\n<script type=\"application\/ld+json\" class=\"yoast-schema-graph\">{\"@context\":\"https:\/\/schema.org\",\"@graph\":[{\"@type\":\"WebPage\",\"@id\":\"https:\/\/integrityisr.com\/newsroom\/\",\"url\":\"https:\/\/integrityisr.com\/newsroom\/\",\"name\":\"Newsroom - Integrity ISR\",\"isPartOf\":{\"@id\":\"https:\/\/integrityisr.com\/#website\"},\"datePublished\":\"2025-11-22T16:49:07+00:00\",\"dateModified\":\"2025-11-24T18:39:04+00:00\",\"breadcrumb\":{\"@id\":\"https:\/\/integrityisr.com\/newsroom\/#breadcrumb\"},\"inLanguage\":\"pt-BR\",\"potentialAction\":[{\"@type\":\"ReadAction\",\"target\":[\"https:\/\/integrityisr.com\/newsroom\/\"]}]},{\"@type\":\"BreadcrumbList\",\"@id\":\"https:\/\/integrityisr.com\/newsroom\/#breadcrumb\",\"itemListElement\":[{\"@type\":\"ListItem\",\"position\":1,\"name\":\"Home\",\"item\":\"https:\/\/integrityisr.com\/\"},{\"@type\":\"ListItem\",\"position\":2,\"name\":\"Newsroom\"}]},{\"@type\":\"WebSite\",\"@id\":\"https:\/\/integrityisr.com\/#website\",\"url\":\"https:\/\/integrityisr.com\/\",\"name\":\"Integrity ISR\",\"description\":\"Global Innovative Solutions for C4ISR, Space, and Cyberspace Strategy, Training, and Operations\",\"potentialAction\":[{\"@type\":\"SearchAction\",\"target\":{\"@type\":\"EntryPoint\",\"urlTemplate\":\"https:\/\/integrityisr.com\/?s={search_term_string}\"},\"query-input\":{\"@type\":\"PropertyValueSpecification\",\"valueRequired\":true,\"valueName\":\"search_term_string\"}}],\"inLanguage\":\"pt-BR\"}]}<\/script>\n<!-- \/ Yoast SEO plugin. -->","yoast_head_json":{"title":"Newsroom - Integrity ISR","robots":{"index":"index","follow":"follow","max-snippet":"max-snippet:-1","max-image-preview":"max-image-preview:large","max-video-preview":"max-video-preview:-1"},"canonical":"https:\/\/integrityisr.com\/pt\/newsroom\/","og_locale":"pt_BR","og_type":"article","og_title":"Newsroom - Integrity ISR","og_description":"Newsroom Business insights and articles written by our team of world-class professionals ready to take your business to the next level? Get in touch today and receive a complimentary consultation. Request a consultation &gt;","og_url":"https:\/\/integrityisr.com\/pt\/newsroom\/","og_site_name":"Integrity ISR","article_modified_time":"2025-11-24T18:39:04+00:00","twitter_card":"summary_large_image","twitter_misc":{"Est. tempo de leitura":"2 minutos"},"schema":{"@context":"https:\/\/schema.org","@graph":[{"@type":"WebPage","@id":"https:\/\/integrityisr.com\/newsroom\/","url":"https:\/\/integrityisr.com\/newsroom\/","name":"Newsroom - Integrity ISR","isPartOf":{"@id":"https:\/\/integrityisr.com\/#website"},"datePublished":"2025-11-22T16:49:07+00:00","dateModified":"2025-11-24T18:39:04+00:00","breadcrumb":{"@id":"https:\/\/integrityisr.com\/newsroom\/#breadcrumb"},"inLanguage":"pt-BR","potentialAction":[{"@type":"ReadAction","target":["https:\/\/integrityisr.com\/newsroom\/"]}]},{"@type":"BreadcrumbList","@id":"https:\/\/integrityisr.com\/newsroom\/#breadcrumb","itemListElement":[{"@type":"ListItem","position":1,"name":"Home","item":"https:\/\/integrityisr.com\/"},{"@type":"ListItem","position":2,"name":"Newsroom"}]},{"@type":"WebSite","@id":"https:\/\/integrityisr.com\/#website","url":"https:\/\/integrityisr.com\/","name":"Integridade ISR","description":"Solu\u00e7\u00f5es inovadoras globais para estrat\u00e9gia, treinamento e opera\u00e7\u00f5es de C4ISR, espa\u00e7o e ciberespa\u00e7o","potentialAction":[{"@type":"SearchAction","target":{"@type":"EntryPoint","urlTemplate":"https:\/\/integrityisr.com\/?s={search_term_string}"},"query-input":{"@type":"PropertyValueSpecification","valueRequired":true,"valueName":"search_term_string"}}],"inLanguage":"pt-BR"}]}},"jetpack_likes_enabled":true,"jetpack_sharing_enabled":true,"jetpack_shortlink":"https:\/\/wp.me\/PaiUyX-2L7","_links":{"self":[{"href":"https:\/\/integrityisr.com\/pt\/wp-json\/wp\/v2\/pages\/10609","targetHints":{"allow":["GET"]}}],"collection":[{"href":"https:\/\/integrityisr.com\/pt\/wp-json\/wp\/v2\/pages"}],"about":[{"href":"https:\/\/integrityisr.com\/pt\/wp-json\/wp\/v2\/types\/page"}],"author":[{"embeddable":true,"href":"https:\/\/integrityisr.com\/pt\/wp-json\/wp\/v2\/users\/151712016"}],"replies":[{"embeddable":true,"href":"https:\/\/integrityisr.com\/pt\/wp-json\/wp\/v2\/comments?post=10609"}],"version-history":[{"count":10,"href":"https:\/\/integrityisr.com\/pt\/wp-json\/wp\/v2\/pages\/10609\/revisions"}],"predecessor-version":[{"id":10641,"href":"https:\/\/integrityisr.com\/pt\/wp-json\/wp\/v2\/pages\/10609\/revisions\/10641"}],"wp:attachment":[{"href":"https:\/\/integrityisr.com\/pt\/wp-json\/wp\/v2\/media?parent=10609"}],"curies":[{"name":"wp","href":"https:\/\/api.w.org\/{rel}","templated":true}]}}