{"id":4648,"date":"2021-06-09T14:48:06","date_gmt":"2021-06-09T19:48:06","guid":{"rendered":"https:\/\/integrityisr.com\/?page_id=4648"},"modified":"2021-06-16T12:18:48","modified_gmt":"2021-06-16T17:18:48","slug":"iioc","status":"publish","type":"page","link":"https:\/\/integrityisr.com\/pt\/iioc\/","title":{"rendered":"IIOC"},"content":{"rendered":"<p class=\"wp-block-paragraph\"><\/p>\n\n\n\n<h4 class=\"has-text-align-center has-background wp-block-heading\" style=\"background-color:#71b0b4\">CENTRO DE OPERA\u00c7\u00d5ES DE INTELIG\u00caNCIA DE INTEGRIDADE<\/h4>\n\n\n\n<h5 class=\"has-text-align-center wp-block-heading\"><strong>NOSSO CENTRO DISTRIBU\u00cdDO DE MONITORAMENTO, AN\u00c1LISE E PRODU\u00c7\u00c3O<\/strong><\/h5>\n\n\n\n<ul class=\"wp-block-list\"><li>Monitore continuamente as amea\u00e7as de espectro total e produza relat\u00f3rios de avalia\u00e7\u00e3o de risco, relat\u00f3rios peri\u00f3dicos e relat\u00f3rios estrat\u00e9gicos para clientes governamentais e comerciais.<\/li><li>Fornecer produtos cont\u00ednuos, anal\u00edticos e t\u00f3picos para que os clientes criem relat\u00f3rios de seguran\u00e7a, m\u00eddia social, previs\u00e3o de investimentos e an\u00e1lise de mercado. <\/li><li>O Integrity ISR usa plataformas propriet\u00e1rias baseadas em nuvem para fornecer monitoramento e an\u00e1lise persistentes usando informa\u00e7\u00f5es publicamente dispon\u00edveis (PAI) e intelig\u00eancia de c\u00f3digo aberto (OSINT).<\/li><\/ul>\n\n\n\n<p class=\"wp-block-paragraph\"><strong>O Integrity ISR usa plataformas propriet\u00e1rias baseadas em nuvem para fornecer monitoramento e an\u00e1lise persistentes usando informa\u00e7\u00f5es publicamente dispon\u00edveis (PAI) e intelig\u00eancia de c\u00f3digo aberto (OSINT).<\/strong><\/p>\n\n\n\n<ul class=\"wp-block-list\"><li>Desenvolver acesso confi\u00e1vel e cont\u00ednuo a espa\u00e7os de informa\u00e7\u00e3o negados e contestados, incluindo sites de m\u00eddia social, plataformas de mensagens e a deep e dark web para produzir produtos relevantes, oportunos e de alta qualidade.<\/li><\/ul>\n\n\n\n<p class=\"has-text-align-left has-very-light-gray-color has-text-color has-background wp-block-paragraph\" style=\"background-color:#0071a1\">NOSSA ASSINATURA BASEADA EM<strong> SERVI\u00c7OS<\/strong><\/p>\n\n\n\n<ul class=\"wp-block-list\"><li>Monitoramento e an\u00e1lise cont\u00ednuos de c\u00f3digo aberto<\/li><li>Avalia\u00e7\u00e3o cont\u00ednua de pessoal<\/li><li>Vigil\u00e2ncia cont\u00ednua<\/li><li>Intelig\u00eancia de neg\u00f3cios\/anal\u00edtica<\/li><\/ul>\n\n\n\n<p class=\"has-very-light-gray-color has-text-color has-background wp-block-paragraph\" style=\"background-color:#0071a1\">OPORTUNO, SOB MEDIDA <strong>PRODUTOS<\/strong><\/p>\n\n\n\n<ul class=\"wp-block-list\"><li>Relat\u00f3rios de avalia\u00e7\u00e3o de risco O IIOC, em colabora\u00e7\u00e3o com as necessidades do cliente, criar\u00e1 um ambiente de monitoramento 24 horas por dia, 7 dias por semana, para fornecer alertas cont\u00ednuos aos tomadores de decis\u00e3o sobre uma s\u00e9rie de t\u00f3picos, incluindo o ambiente de seguran\u00e7a, mudan\u00e7as na presen\u00e7a da m\u00eddia social, tend\u00eancias de mercado e desafios de estabilidade geopol\u00edtica e regional.<\/li><li>Relat\u00f3rios peri\u00f3dicos Com base nos requisitos do cliente, o IIOC fornece relat\u00f3rios peri\u00f3dicos de intelig\u00eancia de n\u00edvel militar sobre \u00e1reas espec\u00edficas de interesse, incluindo rollup de seguran\u00e7a local e regional, presen\u00e7a\/avalia\u00e7\u00e3o de m\u00eddia social, tend\u00eancias de mercado e avalia\u00e7\u00f5es geopol\u00edticas.<\/li><li>Estudos espec\u00edficos\/produtos pontuais Com base nas necessidades e nos requisitos do cliente<br>O IIOC criar\u00e1 produtos de intelig\u00eancia de n\u00edvel militar para responder a uma pergunta ou \u00e1rea de interesse espec\u00edfica. Isso inclui quest\u00f5es espec\u00edficas de seguran\u00e7a, pol\u00edtica ou vulnerabilidade, an\u00e1lise de mercado ou avalia\u00e7\u00f5es de m\u00eddia social.<\/li><\/ul>\n\n\n\n<p class=\"has-very-light-gray-color has-text-color has-background wp-block-paragraph\" style=\"background-color:#0071a1\">IIOC <strong>FONTES<\/strong><\/p>\n\n\n\n<p class=\"wp-block-paragraph\">Utilizamos Intelig\u00eancia Artificial e Aprendizado de M\u00e1quina sofisticados para examinar bilh\u00f5es de fontes de intelig\u00eancia de c\u00f3digo aberto, permitindo que nossos experientes analistas humanos se concentrem em tarefas de an\u00e1lise premium. <\/p>\n\n\n\n<ul class=\"wp-block-list\"><li>90 milh\u00f5es de dom\u00ednios exclusivos e em crescimento - m\u00eddia de not\u00edcias, m\u00eddia social, quadros de mensagens e at\u00e9 mesmo a deep e dark web.<\/li><li>Nosso sistema processa mais de 22,6 bilh\u00f5es de artigos\/postagens por dia, ou 15,7 milh\u00f5es de inst\u00e2ncias por minuto, e est\u00e1 crescendo!<\/li><li>Nosso sistema extrai dados de origem (autor, IP, WHOIS) e georrefer\u00eancia (2 fatores, geo-tagging de imagens).<\/li><\/ul>\n\n\n\n<h4 class=\"has-text-align-center has-background wp-block-heading\" style=\"background-color:#71b0b4\">Cultura de confian\u00e7a<\/h4>\n\n\n\n<blockquote class=\"wp-block-quote is-layout-flow wp-block-quote-is-layout-flow\"><p><em>Na Integrity ISR, mantemos a n\u00f3s mesmos e a nossos funcion\u00e1rios os mais altos padr\u00f5es de integridade e melhores pr\u00e1ticas \u00e9ticas da comunidade de intelig\u00eancia.<\/em><\/p><\/blockquote>\n\n\n\n<ul class=\"wp-block-list\"><li>Todos os membros da equipe do IIOC s\u00e3o treinados em padr\u00f5es \u00e9ticos e legais para realizar a coleta e a an\u00e1lise.<\/li><li>Todos os nossos funcion\u00e1rios devem manter os mais altos padr\u00f5es como condi\u00e7\u00e3o de emprego e concordar com o monitoramento cont\u00ednuo.<\/li><\/ul>\n\n\n\n<p class=\"has-text-align-center wp-block-paragraph\"><strong><em>A prote\u00e7\u00e3o da privacidade do cliente \u00e9 nossa prioridade n\u00famero um!<\/em><\/strong><\/p>\n\n\n\n<p class=\"has-text-align-center wp-block-paragraph\">###<\/p>\n\n\n\n<p class=\"wp-block-paragraph\"><\/p>\n\n\n\n<div class=\"wp-block-image\"><figure class=\"aligncenter size-large is-resized\"><img fetchpriority=\"high\" decoding=\"async\" data-attachment-id=\"4668\" data-permalink=\"https:\/\/integrityisr.com\/pt\/iioc\/ops-center-2\/\" data-orig-file=\"https:\/\/integrityisr.com\/wp-content\/uploads\/2021\/06\/ops-center-2.jpg\" data-orig-size=\"1000,667\" data-comments-opened=\"1\" data-image-meta=\"{&quot;aperture&quot;:&quot;0&quot;,&quot;credit&quot;:&quot;&quot;,&quot;camera&quot;:&quot;&quot;,&quot;caption&quot;:&quot;&quot;,&quot;created_timestamp&quot;:&quot;0&quot;,&quot;copyright&quot;:&quot;&quot;,&quot;focal_length&quot;:&quot;0&quot;,&quot;iso&quot;:&quot;0&quot;,&quot;shutter_speed&quot;:&quot;0&quot;,&quot;title&quot;:&quot;&quot;,&quot;orientation&quot;:&quot;1&quot;}\" data-image-title=\"ops-center-2\" data-image-description=\"\" data-image-caption=\"\" data-medium-file=\"https:\/\/integrityisr.com\/wp-content\/uploads\/2021\/06\/ops-center-2-300x200.jpg\" data-large-file=\"https:\/\/integrityisr.com\/wp-content\/uploads\/2021\/06\/ops-center-2.jpg\" src=\"https:\/\/integrityisr.com\/wp-content\/uploads\/2021\/06\/ops-center-2.jpg\" alt=\"\" class=\"wp-image-4668\" width=\"500\" height=\"334\" srcset=\"https:\/\/integrityisr.com\/wp-content\/uploads\/2021\/06\/ops-center-2.jpg 1000w, https:\/\/integrityisr.com\/wp-content\/uploads\/2021\/06\/ops-center-2-300x200.jpg 300w, https:\/\/integrityisr.com\/wp-content\/uploads\/2021\/06\/ops-center-2-768x512.jpg 768w, https:\/\/integrityisr.com\/wp-content\/uploads\/2021\/06\/ops-center-2-700x467.jpg 700w, https:\/\/integrityisr.com\/wp-content\/uploads\/2021\/06\/ops-center-2-900x600.jpg 900w, https:\/\/integrityisr.com\/wp-content\/uploads\/2021\/06\/ops-center-2-600x400.jpg 600w\" sizes=\"(max-width: 500px) 100vw, 500px\" \/><\/figure><\/div>\n\n\n\n<p class=\"has-text-align-center has-text-color has-large-font-size wp-block-paragraph\" style=\"color:#c1da6c\">#CombatProven<\/p>","protected":false},"excerpt":{"rendered":"<p>INTEGRITY INTELLIGENCE OPERATIONS CENTER OUR DISTRIBUTED MONITORING, ANALYSIS, and PRODUCTION CENTER Continuously monitor against full spectrum threats and produce risk assessment reports, periodic reports, and strategic reports for Government and Commercial customers. Provide ongoing, analytical, and topical products for clients to create security, social media, investment forecasting, and market analysis reports. Integrity ISR uses proprietary [&hellip;]<\/p>","protected":false},"author":145379797,"featured_media":0,"parent":0,"menu_order":0,"comment_status":"closed","ping_status":"closed","template":"","meta":{"_coblocks_attr":"","_coblocks_dimensions":"","_coblocks_responsive_height":"","_coblocks_accordion_ie_support":"","_crdt_document":"","_monsterinsights_skip_tracking":false,"_monsterinsights_sitenote_active":false,"_monsterinsights_sitenote_note":"","_monsterinsights_sitenote_category":0,"_uf_show_specific_survey":0,"_uf_disable_surveys":false,"jetpack_post_was_ever_published":false,"footnotes":""},"class_list":["post-4648","page","type-page","status-publish","hentry"],"aioseo_notices":[],"yoast_head":"<!-- This site is optimized with the Yoast SEO plugin v27.4 - https:\/\/yoast.com\/product\/yoast-seo-wordpress\/ -->\n<title>IIOC - Integrity ISR<\/title>\n<meta name=\"robots\" content=\"index, follow, max-snippet:-1, max-image-preview:large, max-video-preview:-1\" \/>\n<link rel=\"canonical\" href=\"http:\/\/integrityisr.com\/pt\/iioc\/\" \/>\n<meta property=\"og:locale\" content=\"pt_BR\" \/>\n<meta property=\"og:type\" content=\"article\" \/>\n<meta property=\"og:title\" content=\"IIOC - Integrity ISR\" \/>\n<meta property=\"og:description\" content=\"INTEGRITY INTELLIGENCE OPERATIONS CENTER OUR DISTRIBUTED MONITORING, ANALYSIS, and PRODUCTION CENTER Continuously monitor against full spectrum threats and produce risk assessment reports, periodic reports, and strategic reports for Government and Commercial customers. Provide ongoing, analytical, and topical products for clients to create security, social media, investment forecasting, and market analysis reports. Integrity ISR uses proprietary [&hellip;]\" \/>\n<meta property=\"og:url\" content=\"http:\/\/integrityisr.com\/pt\/iioc\/\" \/>\n<meta property=\"og:site_name\" content=\"Integrity ISR\" \/>\n<meta property=\"article:modified_time\" content=\"2021-06-16T17:18:48+00:00\" \/>\n<meta property=\"og:image\" content=\"https:\/\/integrityisr.com\/wp-content\/uploads\/2021\/06\/ops-center-2.jpg\" \/>\n<meta name=\"twitter:card\" content=\"summary_large_image\" \/>\n<meta name=\"twitter:label1\" content=\"Est. tempo de leitura\" \/>\n\t<meta name=\"twitter:data1\" content=\"2 minutos\" \/>\n<script type=\"application\/ld+json\" class=\"yoast-schema-graph\">{\"@context\":\"https:\\\/\\\/schema.org\",\"@graph\":[{\"@type\":\"WebPage\",\"@id\":\"http:\\\/\\\/integrityisr.com\\\/iioc\\\/\",\"url\":\"http:\\\/\\\/integrityisr.com\\\/iioc\\\/\",\"name\":\"IIOC - Integrity ISR\",\"isPartOf\":{\"@id\":\"https:\\\/\\\/integrityisr.com\\\/#website\"},\"primaryImageOfPage\":{\"@id\":\"http:\\\/\\\/integrityisr.com\\\/iioc\\\/#primaryimage\"},\"image\":{\"@id\":\"http:\\\/\\\/integrityisr.com\\\/iioc\\\/#primaryimage\"},\"thumbnailUrl\":\"https:\\\/\\\/integrityisr.com\\\/wp-content\\\/uploads\\\/2021\\\/06\\\/ops-center-2.jpg\",\"datePublished\":\"2021-06-09T19:48:06+00:00\",\"dateModified\":\"2021-06-16T17:18:48+00:00\",\"breadcrumb\":{\"@id\":\"http:\\\/\\\/integrityisr.com\\\/iioc\\\/#breadcrumb\"},\"inLanguage\":\"pt-BR\",\"potentialAction\":[{\"@type\":\"ReadAction\",\"target\":[\"http:\\\/\\\/integrityisr.com\\\/iioc\\\/\"]}]},{\"@type\":\"ImageObject\",\"inLanguage\":\"pt-BR\",\"@id\":\"http:\\\/\\\/integrityisr.com\\\/iioc\\\/#primaryimage\",\"url\":\"https:\\\/\\\/integrityisr.com\\\/wp-content\\\/uploads\\\/2021\\\/06\\\/ops-center-2.jpg\",\"contentUrl\":\"https:\\\/\\\/integrityisr.com\\\/wp-content\\\/uploads\\\/2021\\\/06\\\/ops-center-2.jpg\"},{\"@type\":\"BreadcrumbList\",\"@id\":\"http:\\\/\\\/integrityisr.com\\\/iioc\\\/#breadcrumb\",\"itemListElement\":[{\"@type\":\"ListItem\",\"position\":1,\"name\":\"Home\",\"item\":\"https:\\\/\\\/integrityisr.com\\\/\"},{\"@type\":\"ListItem\",\"position\":2,\"name\":\"IIOC\"}]},{\"@type\":\"WebSite\",\"@id\":\"https:\\\/\\\/integrityisr.com\\\/#website\",\"url\":\"https:\\\/\\\/integrityisr.com\\\/\",\"name\":\"Integrity ISR\",\"description\":\"Global Innovative Solutions for C4ISR, Space, and Cyberspace Strategy, Training, and Operations\",\"potentialAction\":[{\"@type\":\"SearchAction\",\"target\":{\"@type\":\"EntryPoint\",\"urlTemplate\":\"https:\\\/\\\/integrityisr.com\\\/?s={search_term_string}\"},\"query-input\":{\"@type\":\"PropertyValueSpecification\",\"valueRequired\":true,\"valueName\":\"search_term_string\"}}],\"inLanguage\":\"pt-BR\"}]}<\/script>\n<!-- \/ Yoast SEO plugin. -->","yoast_head_json":{"title":"IIOC - Integrity ISR","robots":{"index":"index","follow":"follow","max-snippet":"max-snippet:-1","max-image-preview":"max-image-preview:large","max-video-preview":"max-video-preview:-1"},"canonical":"http:\/\/integrityisr.com\/pt\/iioc\/","og_locale":"pt_BR","og_type":"article","og_title":"IIOC - Integrity ISR","og_description":"INTEGRITY INTELLIGENCE OPERATIONS CENTER OUR DISTRIBUTED MONITORING, ANALYSIS, and PRODUCTION CENTER Continuously monitor against full spectrum threats and produce risk assessment reports, periodic reports, and strategic reports for Government and Commercial customers. Provide ongoing, analytical, and topical products for clients to create security, social media, investment forecasting, and market analysis reports. Integrity ISR uses proprietary [&hellip;]","og_url":"http:\/\/integrityisr.com\/pt\/iioc\/","og_site_name":"Integrity ISR","article_modified_time":"2021-06-16T17:18:48+00:00","og_image":[{"url":"https:\/\/integrityisr.com\/wp-content\/uploads\/2021\/06\/ops-center-2.jpg","type":"","width":"","height":""}],"twitter_card":"summary_large_image","twitter_misc":{"Est. tempo de leitura":"2 minutos"},"schema":{"@context":"https:\/\/schema.org","@graph":[{"@type":"WebPage","@id":"http:\/\/integrityisr.com\/iioc\/","url":"http:\/\/integrityisr.com\/iioc\/","name":"IIOC - Integrity ISR","isPartOf":{"@id":"https:\/\/integrityisr.com\/#website"},"primaryImageOfPage":{"@id":"http:\/\/integrityisr.com\/iioc\/#primaryimage"},"image":{"@id":"http:\/\/integrityisr.com\/iioc\/#primaryimage"},"thumbnailUrl":"https:\/\/integrityisr.com\/wp-content\/uploads\/2021\/06\/ops-center-2.jpg","datePublished":"2021-06-09T19:48:06+00:00","dateModified":"2021-06-16T17:18:48+00:00","breadcrumb":{"@id":"http:\/\/integrityisr.com\/iioc\/#breadcrumb"},"inLanguage":"pt-BR","potentialAction":[{"@type":"ReadAction","target":["http:\/\/integrityisr.com\/iioc\/"]}]},{"@type":"ImageObject","inLanguage":"pt-BR","@id":"http:\/\/integrityisr.com\/iioc\/#primaryimage","url":"https:\/\/integrityisr.com\/wp-content\/uploads\/2021\/06\/ops-center-2.jpg","contentUrl":"https:\/\/integrityisr.com\/wp-content\/uploads\/2021\/06\/ops-center-2.jpg"},{"@type":"BreadcrumbList","@id":"http:\/\/integrityisr.com\/iioc\/#breadcrumb","itemListElement":[{"@type":"ListItem","position":1,"name":"Home","item":"https:\/\/integrityisr.com\/"},{"@type":"ListItem","position":2,"name":"IIOC"}]},{"@type":"WebSite","@id":"https:\/\/integrityisr.com\/#website","url":"https:\/\/integrityisr.com\/","name":"Integridade ISR","description":"Solu\u00e7\u00f5es inovadoras globais para estrat\u00e9gia, treinamento e opera\u00e7\u00f5es de C4ISR, espa\u00e7o e ciberespa\u00e7o","potentialAction":[{"@type":"SearchAction","target":{"@type":"EntryPoint","urlTemplate":"https:\/\/integrityisr.com\/?s={search_term_string}"},"query-input":{"@type":"PropertyValueSpecification","valueRequired":true,"valueName":"search_term_string"}}],"inLanguage":"pt-BR"}]}},"jetpack_likes_enabled":true,"jetpack_sharing_enabled":false,"jetpack_shortlink":"https:\/\/wp.me\/PaiUyX-1cY","_links":{"self":[{"href":"https:\/\/integrityisr.com\/pt\/wp-json\/wp\/v2\/pages\/4648","targetHints":{"allow":["GET"]}}],"collection":[{"href":"https:\/\/integrityisr.com\/pt\/wp-json\/wp\/v2\/pages"}],"about":[{"href":"https:\/\/integrityisr.com\/pt\/wp-json\/wp\/v2\/types\/page"}],"author":[{"embeddable":true,"href":"https:\/\/integrityisr.com\/pt\/wp-json\/wp\/v2\/users\/145379797"}],"replies":[{"embeddable":true,"href":"https:\/\/integrityisr.com\/pt\/wp-json\/wp\/v2\/comments?post=4648"}],"version-history":[{"count":0,"href":"https:\/\/integrityisr.com\/pt\/wp-json\/wp\/v2\/pages\/4648\/revisions"}],"wp:attachment":[{"href":"https:\/\/integrityisr.com\/pt\/wp-json\/wp\/v2\/media?parent=4648"}],"curies":[{"name":"wp","href":"https:\/\/api.w.org\/{rel}","templated":true}]}}