{"id":6420,"date":"2022-09-20T13:34:05","date_gmt":"2022-09-20T18:34:05","guid":{"rendered":"https:\/\/integrityisr.com\/?page_id=6420"},"modified":"2023-11-16T10:44:06","modified_gmt":"2023-11-16T16:44:06","slug":"careers","status":"publish","type":"page","link":"https:\/\/integrityisr.com\/pt\/careers\/","title":{"rendered":"CARREIRA"},"content":{"rendered":"<p class=\"wp-block-paragraph\" style=\"font-size:30px\"><strong>#NovasOportunidades #Junte-se \u00e0 nossa equipe<\/strong><\/p>\n\n\n\n<div class=\"wp-block-jetpack-tiled-gallery aligncenter is-style-columns\"><div class=\"tiled-gallery__gallery\"><div class=\"tiled-gallery__row\"><div class=\"tiled-gallery__col\" style=\"flex-basis:100.00000%\"><figure class=\"tiled-gallery__item\"><img decoding=\"async\" data-attachment-id=\"2049\" data-permalink=\"https:\/\/integrityisr.com\/pt\/isr_1400x600_v1\/\" data-orig-file=\"https:\/\/integrityisr.com\/wp-content\/uploads\/2019\/08\/ISR_1400x600_v1.jpg\" data-orig-size=\"1400,600\" data-comments-opened=\"1\" data-image-meta=\"{&quot;aperture&quot;:&quot;0&quot;,&quot;credit&quot;:&quot;&quot;,&quot;camera&quot;:&quot;&quot;,&quot;caption&quot;:&quot;&quot;,&quot;created_timestamp&quot;:&quot;0&quot;,&quot;copyright&quot;:&quot;&quot;,&quot;focal_length&quot;:&quot;0&quot;,&quot;iso&quot;:&quot;0&quot;,&quot;shutter_speed&quot;:&quot;0&quot;,&quot;title&quot;:&quot;&quot;,&quot;orientation&quot;:&quot;0&quot;}\" data-image-title=\"ISR_1400x600_v1\" data-image-description=\"\" data-image-caption=\"\" data-medium-file=\"https:\/\/integrityisr.com\/wp-content\/uploads\/2019\/08\/ISR_1400x600_v1-300x129.jpg\" data-large-file=\"https:\/\/integrityisr.com\/wp-content\/uploads\/2019\/08\/ISR_1400x600_v1-1024x439.jpg\" role=\"button\" tabindex=\"0\" aria-label=\"Abrir imagem 1 de 1 em tela cheia\" srcset=\"https:\/\/i0.wp.com\/integrityisr.com\/wp-content\/uploads\/2019\/08\/ISR_1400x600_v1-1024x439.jpg?strip=info&#038;w=600&#038;ssl=1 600w,https:\/\/i0.wp.com\/integrityisr.com\/wp-content\/uploads\/2019\/08\/ISR_1400x600_v1-1024x439.jpg?strip=info&#038;w=900&#038;ssl=1 900w,https:\/\/i0.wp.com\/integrityisr.com\/wp-content\/uploads\/2019\/08\/ISR_1400x600_v1-1024x439.jpg?strip=info&#038;w=1200&#038;ssl=1 1200w,https:\/\/i0.wp.com\/integrityisr.com\/wp-content\/uploads\/2019\/08\/ISR_1400x600_v1-1024x439.jpg?strip=info&#038;w=1400&#038;ssl=1 1400w\" alt=\"\" data-height=\"600\" data-id=\"2049\" data-link=\"https:\/\/integrityisr.com\/?attachment_id=2049\" data-url=\"https:\/\/integrityisr.com\/wp-content\/uploads\/2019\/08\/ISR_1400x600_v1-1024x439.jpg\" data-width=\"1400\" src=\"https:\/\/i0.wp.com\/integrityisr.com\/wp-content\/uploads\/2019\/08\/ISR_1400x600_v1-1024x439.jpg?ssl=1\" data-amp-layout=\"responsive\"\/><\/figure><\/div><\/div><\/div><\/div>\n\n\n\n<p class=\"has-medium-font-size wp-block-paragraph\">Quer fazer parte de um grupo excepcional de profissionais? Estamos contratando em diversas \u00e1reas funcionais importantes, em v\u00e1rios locais. Lembre-se de que essas qualifica\u00e7\u00f5es listadas s\u00e3o desejadas, e sua experi\u00eancia profissional pode ser equivalente. N\u00e3o fique de fora, deixe-nos dar uma olhada no seu curr\u00edculo!<\/p>\n\n\n\n<p class=\"has-text-align-center wp-block-paragraph\" style=\"font-size:26px\"><em><strong><a href=\"https:\/\/jobs.gusto.com\/boards\/integrity-isr-llc-55885fe8-845a-4139-bf44-4b72960fc76d\" target=\"_blank\" rel=\"noopener\">Explore nossas vagas atuais e candidate-se aqui.<\/a><\/strong><\/em><\/p>\n\n\n\n<div style=\"height:80px\" aria-hidden=\"true\" id=\"SRCYBER\" class=\"wp-block-spacer\"><\/div>\n\n\n\n<p class=\"wp-block-paragraph\"><em>Ao me candidatar, autorizo a Integrity ISR LLC a usar meu curr\u00edculo para fins comerciais leg\u00edtimos, incluindo, entre outros, a celebra\u00e7\u00e3o de um contrato de trabalho ou o envio a um cliente terceirizado para an\u00e1lise. A Integrity ISR tem o compromisso de proteger suas informa\u00e7\u00f5es pessoais.<\/em><\/p>","protected":false},"excerpt":{"rendered":"<p>#NewOpportunities #JoinOurTeam Looking to join an exceptional group of professionals? We are hiring across several major functional areas, at a number of locations. Remember, these listed qualifications are desired, and your work experience may have equivalence. Don&#8217;t screen yourself out, let us take a look at your resume! Explore our current positions and apply here. [&hellip;]<\/p>","protected":false},"author":145379797,"featured_media":0,"parent":0,"menu_order":0,"comment_status":"closed","ping_status":"closed","template":"","meta":{"_coblocks_attr":"","_coblocks_dimensions":"","_coblocks_responsive_height":"","_coblocks_accordion_ie_support":"","_crdt_document":"","_monsterinsights_skip_tracking":false,"_monsterinsights_sitenote_active":false,"_monsterinsights_sitenote_note":"","_monsterinsights_sitenote_category":0,"_uf_show_specific_survey":0,"_uf_disable_surveys":false,"jetpack_post_was_ever_published":false,"footnotes":""},"class_list":["post-6420","page","type-page","status-publish","hentry"],"aioseo_notices":[],"yoast_head":"<!-- This site is optimized with the Yoast SEO plugin v27.4 - https:\/\/yoast.com\/product\/yoast-seo-wordpress\/ -->\n<title>CAREERS - Integrity ISR<\/title>\n<meta name=\"robots\" content=\"index, follow, max-snippet:-1, max-image-preview:large, max-video-preview:-1\" \/>\n<link rel=\"canonical\" href=\"http:\/\/integrityisr.com\/pt\/careers\/\" \/>\n<meta property=\"og:locale\" content=\"pt_BR\" \/>\n<meta property=\"og:type\" content=\"article\" \/>\n<meta property=\"og:title\" content=\"CAREERS - Integrity ISR\" \/>\n<meta property=\"og:description\" content=\"#NewOpportunities #JoinOurTeam Looking to join an exceptional group of professionals? We are hiring across several major functional areas, at a number of locations. Remember, these listed qualifications are desired, and your work experience may have equivalence. Don&#8217;t screen yourself out, let us take a look at your resume! Explore our current positions and apply here. [&hellip;]\" \/>\n<meta property=\"og:url\" content=\"http:\/\/integrityisr.com\/pt\/careers\/\" \/>\n<meta property=\"og:site_name\" content=\"Integrity ISR\" \/>\n<meta property=\"article:modified_time\" content=\"2023-11-16T16:44:06+00:00\" \/>\n<meta property=\"og:image\" content=\"https:\/\/i0.wp.com\/integrityisr.com\/wp-content\/uploads\/2019\/08\/ISR_1400x600_v1-1024x439.jpg?ssl=1\" \/>\n<meta name=\"twitter:card\" content=\"summary_large_image\" \/>\n<script type=\"application\/ld+json\" class=\"yoast-schema-graph\">{\"@context\":\"https:\\\/\\\/schema.org\",\"@graph\":[{\"@type\":\"WebPage\",\"@id\":\"http:\\\/\\\/integrityisr.com\\\/careers\\\/\",\"url\":\"http:\\\/\\\/integrityisr.com\\\/careers\\\/\",\"name\":\"CAREERS - Integrity ISR\",\"isPartOf\":{\"@id\":\"https:\\\/\\\/integrityisr.com\\\/#website\"},\"primaryImageOfPage\":{\"@id\":\"http:\\\/\\\/integrityisr.com\\\/careers\\\/#primaryimage\"},\"image\":{\"@id\":\"http:\\\/\\\/integrityisr.com\\\/careers\\\/#primaryimage\"},\"thumbnailUrl\":\"https:\\\/\\\/i0.wp.com\\\/integrityisr.com\\\/wp-content\\\/uploads\\\/2019\\\/08\\\/ISR_1400x600_v1-1024x439.jpg?ssl=1\",\"datePublished\":\"2022-09-20T18:34:05+00:00\",\"dateModified\":\"2023-11-16T16:44:06+00:00\",\"breadcrumb\":{\"@id\":\"http:\\\/\\\/integrityisr.com\\\/careers\\\/#breadcrumb\"},\"inLanguage\":\"pt-BR\",\"potentialAction\":[{\"@type\":\"ReadAction\",\"target\":[\"http:\\\/\\\/integrityisr.com\\\/careers\\\/\"]}]},{\"@type\":\"ImageObject\",\"inLanguage\":\"pt-BR\",\"@id\":\"http:\\\/\\\/integrityisr.com\\\/careers\\\/#primaryimage\",\"url\":\"https:\\\/\\\/i0.wp.com\\\/integrityisr.com\\\/wp-content\\\/uploads\\\/2019\\\/08\\\/ISR_1400x600_v1-1024x439.jpg?ssl=1\",\"contentUrl\":\"https:\\\/\\\/i0.wp.com\\\/integrityisr.com\\\/wp-content\\\/uploads\\\/2019\\\/08\\\/ISR_1400x600_v1-1024x439.jpg?ssl=1\"},{\"@type\":\"BreadcrumbList\",\"@id\":\"http:\\\/\\\/integrityisr.com\\\/careers\\\/#breadcrumb\",\"itemListElement\":[{\"@type\":\"ListItem\",\"position\":1,\"name\":\"Home\",\"item\":\"https:\\\/\\\/integrityisr.com\\\/\"},{\"@type\":\"ListItem\",\"position\":2,\"name\":\"CAREERS\"}]},{\"@type\":\"WebSite\",\"@id\":\"https:\\\/\\\/integrityisr.com\\\/#website\",\"url\":\"https:\\\/\\\/integrityisr.com\\\/\",\"name\":\"Integrity ISR\",\"description\":\"Global Innovative Solutions for C4ISR, Space, and Cyberspace Strategy, Training, and Operations\",\"potentialAction\":[{\"@type\":\"SearchAction\",\"target\":{\"@type\":\"EntryPoint\",\"urlTemplate\":\"https:\\\/\\\/integrityisr.com\\\/?s={search_term_string}\"},\"query-input\":{\"@type\":\"PropertyValueSpecification\",\"valueRequired\":true,\"valueName\":\"search_term_string\"}}],\"inLanguage\":\"pt-BR\"}]}<\/script>\n<!-- \/ Yoast SEO plugin. -->","yoast_head_json":{"title":"CAREERS - Integrity ISR","robots":{"index":"index","follow":"follow","max-snippet":"max-snippet:-1","max-image-preview":"max-image-preview:large","max-video-preview":"max-video-preview:-1"},"canonical":"http:\/\/integrityisr.com\/pt\/careers\/","og_locale":"pt_BR","og_type":"article","og_title":"CAREERS - Integrity ISR","og_description":"#NewOpportunities #JoinOurTeam Looking to join an exceptional group of professionals? We are hiring across several major functional areas, at a number of locations. Remember, these listed qualifications are desired, and your work experience may have equivalence. Don&#8217;t screen yourself out, let us take a look at your resume! Explore our current positions and apply here. [&hellip;]","og_url":"http:\/\/integrityisr.com\/pt\/careers\/","og_site_name":"Integrity ISR","article_modified_time":"2023-11-16T16:44:06+00:00","og_image":[{"url":"https:\/\/i0.wp.com\/integrityisr.com\/wp-content\/uploads\/2019\/08\/ISR_1400x600_v1-1024x439.jpg?ssl=1","type":"","width":"","height":""}],"twitter_card":"summary_large_image","schema":{"@context":"https:\/\/schema.org","@graph":[{"@type":"WebPage","@id":"http:\/\/integrityisr.com\/careers\/","url":"http:\/\/integrityisr.com\/careers\/","name":"CAREERS - Integrity ISR","isPartOf":{"@id":"https:\/\/integrityisr.com\/#website"},"primaryImageOfPage":{"@id":"http:\/\/integrityisr.com\/careers\/#primaryimage"},"image":{"@id":"http:\/\/integrityisr.com\/careers\/#primaryimage"},"thumbnailUrl":"https:\/\/i0.wp.com\/integrityisr.com\/wp-content\/uploads\/2019\/08\/ISR_1400x600_v1-1024x439.jpg?ssl=1","datePublished":"2022-09-20T18:34:05+00:00","dateModified":"2023-11-16T16:44:06+00:00","breadcrumb":{"@id":"http:\/\/integrityisr.com\/careers\/#breadcrumb"},"inLanguage":"pt-BR","potentialAction":[{"@type":"ReadAction","target":["http:\/\/integrityisr.com\/careers\/"]}]},{"@type":"ImageObject","inLanguage":"pt-BR","@id":"http:\/\/integrityisr.com\/careers\/#primaryimage","url":"https:\/\/i0.wp.com\/integrityisr.com\/wp-content\/uploads\/2019\/08\/ISR_1400x600_v1-1024x439.jpg?ssl=1","contentUrl":"https:\/\/i0.wp.com\/integrityisr.com\/wp-content\/uploads\/2019\/08\/ISR_1400x600_v1-1024x439.jpg?ssl=1"},{"@type":"BreadcrumbList","@id":"http:\/\/integrityisr.com\/careers\/#breadcrumb","itemListElement":[{"@type":"ListItem","position":1,"name":"Home","item":"https:\/\/integrityisr.com\/"},{"@type":"ListItem","position":2,"name":"CAREERS"}]},{"@type":"WebSite","@id":"https:\/\/integrityisr.com\/#website","url":"https:\/\/integrityisr.com\/","name":"Integridade ISR","description":"Solu\u00e7\u00f5es inovadoras globais para estrat\u00e9gia, treinamento e opera\u00e7\u00f5es de C4ISR, espa\u00e7o e ciberespa\u00e7o","potentialAction":[{"@type":"SearchAction","target":{"@type":"EntryPoint","urlTemplate":"https:\/\/integrityisr.com\/?s={search_term_string}"},"query-input":{"@type":"PropertyValueSpecification","valueRequired":true,"valueName":"search_term_string"}}],"inLanguage":"pt-BR"}]}},"jetpack_likes_enabled":true,"jetpack_sharing_enabled":true,"jetpack_shortlink":"https:\/\/wp.me\/PaiUyX-1Fy","_links":{"self":[{"href":"https:\/\/integrityisr.com\/pt\/wp-json\/wp\/v2\/pages\/6420","targetHints":{"allow":["GET"]}}],"collection":[{"href":"https:\/\/integrityisr.com\/pt\/wp-json\/wp\/v2\/pages"}],"about":[{"href":"https:\/\/integrityisr.com\/pt\/wp-json\/wp\/v2\/types\/page"}],"author":[{"embeddable":true,"href":"https:\/\/integrityisr.com\/pt\/wp-json\/wp\/v2\/users\/145379797"}],"replies":[{"embeddable":true,"href":"https:\/\/integrityisr.com\/pt\/wp-json\/wp\/v2\/comments?post=6420"}],"version-history":[{"count":99,"href":"https:\/\/integrityisr.com\/pt\/wp-json\/wp\/v2\/pages\/6420\/revisions"}],"predecessor-version":[{"id":8045,"href":"https:\/\/integrityisr.com\/pt\/wp-json\/wp\/v2\/pages\/6420\/revisions\/8045"}],"wp:attachment":[{"href":"https:\/\/integrityisr.com\/pt\/wp-json\/wp\/v2\/media?parent=6420"}],"curies":[{"name":"wp","href":"https:\/\/api.w.org\/{rel}","templated":true}]}}