{"id":9843,"date":"2025-03-14T14:48:51","date_gmt":"2025-03-14T19:48:51","guid":{"rendered":"https:\/\/integrityisr.com\/?page_id=9843"},"modified":"2026-03-17T13:40:44","modified_gmt":"2026-03-17T17:40:44","slug":"contact-2","status":"publish","type":"page","link":"https:\/\/integrityisr.com\/pt\/contact-2\/","title":{"rendered":"Contato"},"content":{"rendered":"<div data-elementor-type=\"wp-page\" data-elementor-id=\"9843\" class=\"elementor elementor-9843\" data-elementor-post-type=\"page\">\n\t\t\t\t<div class=\"elementor-element elementor-element-19182c5 e-con-full e-flex e-con e-parent\" data-id=\"19182c5\" data-element_type=\"container\" data-settings=\"{&quot;background_background&quot;:&quot;classic&quot;}\">\n\t\t<div class=\"elementor-element elementor-element-a5019db e-flex e-con-boxed e-con e-child\" data-id=\"a5019db\" data-element_type=\"container\">\n\t\t\t\t\t<div class=\"e-con-inner\">\n\t\t\t\t<div class=\"elementor-element elementor-element-0a029ba elementor-widget elementor-widget-heading\" data-id=\"0a029ba\" data-element_type=\"widget\" data-widget_type=\"heading.default\">\n\t\t\t\t\t<h6 class=\"elementor-heading-title elementor-size-default\">Entre em contato com a Integrity ISR<\/h6>\t\t\t\t<\/div>\n\t\t\t\t<div class=\"elementor-element elementor-element-3e4b3aa elementor-widget elementor-widget-heading\" data-id=\"3e4b3aa\" data-element_type=\"widget\" data-widget_type=\"heading.default\">\n\t\t\t\t\t<h2 class=\"elementor-heading-title elementor-size-default\">Vamos nos conectar<\/h2>\t\t\t\t<\/div>\n\t\t\t\t<div class=\"elementor-element elementor-element-a4ef86c elementor-widget elementor-widget-text-editor\" data-id=\"a4ef86c\" data-element_type=\"widget\" data-widget_type=\"text-editor.default\">\n\t\t\t\t\t\t\t\t\t<p>Se voc\u00ea est\u00e1 procurando suporte para miss\u00f5es, solu\u00e7\u00f5es de treinamento ou oportunidades de carreira, a Integrity ISR est\u00e1 pronta para ajudar. Entre em contato conosco para obter informa\u00e7\u00f5es sobre nossa experi\u00eancia em C4ISR, Cibern\u00e9tica, Espa\u00e7o e Intelig\u00eancia.<\/p>\t\t\t\t\t\t\t\t<\/div>\n\t\t\t\t<div class=\"elementor-element elementor-element-fc9ff19 elementor-hidden-desktop elementor-hidden-tablet elementor-hidden-mobile elementor-button-align-stretch elementor-widget elementor-widget-form\" data-id=\"fc9ff19\" data-element_type=\"widget\" data-settings=\"{&quot;button_width&quot;:&quot;25&quot;,&quot;step_next_label&quot;:&quot;Next&quot;,&quot;step_previous_label&quot;:&quot;Previous&quot;,&quot;step_type&quot;:&quot;number_text&quot;,&quot;step_icon_shape&quot;:&quot;circle&quot;}\" data-widget_type=\"form.default\">\n\t\t\t\t\t\t\t<form class=\"elementor-form\" method=\"post\" name=\"New Form\" aria-label=\"Novo formul\u00e1rio\" action=\"\">\n\t\t\t<input type=\"hidden\" name=\"post_id\" value=\"9843\"\/>\n\t\t\t<input type=\"hidden\" name=\"form_id\" value=\"fc9ff19\"\/>\n\t\t\t<input type=\"hidden\" name=\"referer_title\" value=\"Contact - Integrity ISR\" \/>\n\n\t\t\t\t\t\t\t<input type=\"hidden\" name=\"queried_id\" value=\"9843\"\/>\n\t\t\t\n\t\t\t<div class=\"elementor-form-fields-wrapper elementor-labels-above\">\n\t\t\t\t\t\t\t\t<div class=\"elementor-field-type-text elementor-field-group elementor-column elementor-field-group-name elementor-col-50\">\n\t\t\t\t\t\t\t\t\t\t\t\t<label for=\"form-field-name\" class=\"elementor-field-label\">\n\t\t\t\t\t\t\t\tPrimeiro nome\t\t\t\t\t\t\t<\/label>\n\t\t\t\t\t\t\t\t\t\t\t\t\t\t<input size=\"1\" type=\"text\" name=\"form_fields[name]\" id=\"form-field-name\" class=\"elementor-field elementor-size-sm  elementor-field-textual\" placeholder=\"Nome\">\n\t\t\t\t\t\t\t\t\t\t\t<\/div>\n\t\t\t\t\t\t\t\t<div class=\"elementor-field-type-text elementor-field-group elementor-column elementor-field-group-field_f14e0d9 elementor-col-50\">\n\t\t\t\t\t\t\t\t\t\t\t\t<label for=\"form-field-field_f14e0d9\" class=\"elementor-field-label\">\n\t\t\t\t\t\t\t\tSobrenome\t\t\t\t\t\t\t<\/label>\n\t\t\t\t\t\t\t\t\t\t\t\t\t\t<input size=\"1\" type=\"text\" name=\"form_fields[field_f14e0d9]\" id=\"form-field-field_f14e0d9\" class=\"elementor-field elementor-size-sm  elementor-field-textual\" placeholder=\"Nome\">\n\t\t\t\t\t\t\t\t\t\t\t<\/div>\n\t\t\t\t\t\t\t\t<div class=\"elementor-field-type-email elementor-field-group elementor-column elementor-field-group-email elementor-col-50 elementor-field-required\">\n\t\t\t\t\t\t\t\t\t\t\t\t<label for=\"form-field-email\" class=\"elementor-field-label\">\n\t\t\t\t\t\t\t\tE-mail\t\t\t\t\t\t\t<\/label>\n\t\t\t\t\t\t\t\t\t\t\t\t\t\t<input size=\"1\" type=\"email\" name=\"form_fields[email]\" id=\"form-field-email\" class=\"elementor-field elementor-size-sm  elementor-field-textual\" placeholder=\"E-mail\" required=\"required\">\n\t\t\t\t\t\t\t\t\t\t\t<\/div>\n\t\t\t\t\t\t\t\t<div class=\"elementor-field-type-text elementor-field-group elementor-column elementor-field-group-field_a047fb5 elementor-col-50\">\n\t\t\t\t\t\t\t\t\t\t\t\t<label for=\"form-field-field_a047fb5\" class=\"elementor-field-label\">\n\t\t\t\t\t\t\t\tTelefone\t\t\t\t\t\t\t<\/label>\n\t\t\t\t\t\t\t\t\t\t\t\t\t\t<input size=\"1\" type=\"text\" name=\"form_fields[field_a047fb5]\" id=\"form-field-field_a047fb5\" class=\"elementor-field elementor-size-sm  elementor-field-textual\" placeholder=\"Telefone\">\n\t\t\t\t\t\t\t\t\t\t\t<\/div>\n\t\t\t\t\t\t\t\t<div class=\"elementor-field-type-text elementor-field-group elementor-column elementor-field-group-field_ed75214 elementor-col-100\">\n\t\t\t\t\t\t\t\t\t\t\t\t<label for=\"form-field-field_ed75214\" class=\"elementor-field-label\">\n\t\t\t\t\t\t\t\tOrganiza\u00e7\u00e3o\t\t\t\t\t\t\t<\/label>\n\t\t\t\t\t\t\t\t\t\t\t\t\t\t<input size=\"1\" type=\"text\" name=\"form_fields[field_ed75214]\" id=\"form-field-field_ed75214\" class=\"elementor-field elementor-size-sm  elementor-field-textual\" placeholder=\"Organiza\u00e7\u00e3o\">\n\t\t\t\t\t\t\t\t\t\t\t<\/div>\n\t\t\t\t\t\t\t\t<div class=\"elementor-field-type-textarea elementor-field-group elementor-column elementor-field-group-message elementor-col-100\">\n\t\t\t\t\t\t\t\t\t\t\t\t<label for=\"form-field-message\" class=\"elementor-field-label\">\n\t\t\t\t\t\t\t\tMensagem\t\t\t\t\t\t\t<\/label>\n\t\t\t\t\t\t<textarea class=\"elementor-field-textual elementor-field  elementor-size-sm\" name=\"form_fields[message]\" id=\"form-field-message\" rows=\"4\" placeholder=\"Mensagem\"><\/textarea>\t\t\t\t<\/div>\n\t\t\t\t\t\t\t\t<div class=\"elementor-field-group elementor-column elementor-field-type-submit elementor-col-25 e-form__buttons\">\n\t\t\t\t\t<button class=\"elementor-button elementor-size-sm\" type=\"submit\">\n\t\t\t\t\t\t<span class=\"elementor-button-content-wrapper\">\n\t\t\t\t\t\t\t\t\t\t\t\t\t\t\t\t\t\t\t\t\t\t<span class=\"elementor-button-text\">Enviar<\/span>\n\t\t\t\t\t\t\t\t\t\t\t\t\t<\/span>\n\t\t\t\t\t<\/button>\n\t\t\t\t<\/div>\n\t\t\t<\/div>\n\t\t<input type=\"hidden\" name=\"trp-form-language\" value=\"pt\"\/><\/form>\n\t\t\t\t\t\t<\/div>\n\t\t\t\t<div class=\"elementor-element elementor-element-27d474e elementor-widget elementor-widget-html\" data-id=\"27d474e\" data-element_type=\"widget\" data-widget_type=\"html.default\">\n\t\t\t\t\t<iframe src=\"https:\/\/form.jotform.com\/form\/260754817771163\" width=\"100%\" height=\"1200\" frameborder=\"0\" allowfullscreen> <\/iframe>\t\t\t\t<\/div>\n\t\t\t\t\t<\/div>\n\t\t\t\t<\/div>\n\t\t\t\t<div class=\"elementor-element elementor-element-04b0635 elementor-widget elementor-widget-heading\" data-id=\"04b0635\" data-element_type=\"widget\" data-widget_type=\"heading.default\">\n\t\t\t\t\t<h6 class=\"elementor-heading-title elementor-size-default\">Email: webmaster@integrityisr.com<\/h6>\t\t\t\t<\/div>\n\t\t\t\t<\/div>\n\t\t\t\t<\/div>","protected":false},"excerpt":{"rendered":"<p>Contact Integrity ISR Let\u2019s Connect Whether you&#8217;re looking for mission support, training solutions, or career opportunities, Integrity ISR is ready to assist. Reach out to us for inquiries about our C4ISR, Cyber, Space, and Intelligence expertise. Email: webmaster@integrityisr.com<\/p>","protected":false},"author":151712016,"featured_media":0,"parent":0,"menu_order":0,"comment_status":"closed","ping_status":"closed","template":"elementor_header_footer","meta":{"_coblocks_attr":"","_coblocks_dimensions":"","_coblocks_responsive_height":"","_coblocks_accordion_ie_support":"","_crdt_document":"","_monsterinsights_skip_tracking":false,"_monsterinsights_sitenote_active":false,"_monsterinsights_sitenote_note":"","_monsterinsights_sitenote_category":0,"_uf_show_specific_survey":0,"_uf_disable_surveys":false,"jetpack_post_was_ever_published":false,"footnotes":""},"class_list":["post-9843","page","type-page","status-publish","hentry"],"aioseo_notices":[],"yoast_head":"<!-- This site is optimized with the Yoast SEO plugin v26.8 - https:\/\/yoast.com\/product\/yoast-seo-wordpress\/ -->\n<title>Contact - Integrity ISR<\/title>\n<meta name=\"robots\" content=\"index, follow, max-snippet:-1, max-image-preview:large, max-video-preview:-1\" \/>\n<link rel=\"canonical\" href=\"https:\/\/integrityisr.com\/pt\/contact-2\/\" \/>\n<meta property=\"og:locale\" content=\"pt_BR\" \/>\n<meta property=\"og:type\" content=\"article\" \/>\n<meta property=\"og:title\" content=\"Contact - Integrity ISR\" \/>\n<meta property=\"og:description\" content=\"Contact Integrity ISR Let\u2019s Connect Whether you&#8217;re looking for mission support, training solutions, or career opportunities, Integrity ISR is ready to assist. Reach out to us for inquiries about our C4ISR, Cyber, Space, and Intelligence expertise. Email: webmaster@integrityisr.com\" \/>\n<meta property=\"og:url\" content=\"https:\/\/integrityisr.com\/pt\/contact-2\/\" \/>\n<meta property=\"og:site_name\" content=\"Integrity ISR\" \/>\n<meta property=\"article:modified_time\" content=\"2026-03-17T17:40:44+00:00\" \/>\n<meta name=\"twitter:card\" content=\"summary_large_image\" \/>\n<meta name=\"twitter:label1\" content=\"Est. tempo de leitura\" \/>\n\t<meta name=\"twitter:data1\" content=\"1 minuto\" \/>\n<script type=\"application\/ld+json\" class=\"yoast-schema-graph\">{\"@context\":\"https:\/\/schema.org\",\"@graph\":[{\"@type\":\"WebPage\",\"@id\":\"https:\/\/integrityisr.com\/contact-2\/\",\"url\":\"https:\/\/integrityisr.com\/contact-2\/\",\"name\":\"Contact - Integrity ISR\",\"isPartOf\":{\"@id\":\"https:\/\/integrityisr.com\/#website\"},\"datePublished\":\"2025-03-14T19:48:51+00:00\",\"dateModified\":\"2026-03-17T17:40:44+00:00\",\"breadcrumb\":{\"@id\":\"https:\/\/integrityisr.com\/contact-2\/#breadcrumb\"},\"inLanguage\":\"pt-BR\",\"potentialAction\":[{\"@type\":\"ReadAction\",\"target\":[\"https:\/\/integrityisr.com\/contact-2\/\"]}]},{\"@type\":\"BreadcrumbList\",\"@id\":\"https:\/\/integrityisr.com\/contact-2\/#breadcrumb\",\"itemListElement\":[{\"@type\":\"ListItem\",\"position\":1,\"name\":\"Home\",\"item\":\"https:\/\/integrityisr.com\/\"},{\"@type\":\"ListItem\",\"position\":2,\"name\":\"Contact\"}]},{\"@type\":\"WebSite\",\"@id\":\"https:\/\/integrityisr.com\/#website\",\"url\":\"https:\/\/integrityisr.com\/\",\"name\":\"Integrity ISR\",\"description\":\"Global Innovative Solutions for C4ISR, Space, and Cyberspace Strategy, Training, and Operations\",\"potentialAction\":[{\"@type\":\"SearchAction\",\"target\":{\"@type\":\"EntryPoint\",\"urlTemplate\":\"https:\/\/integrityisr.com\/?s={search_term_string}\"},\"query-input\":{\"@type\":\"PropertyValueSpecification\",\"valueRequired\":true,\"valueName\":\"search_term_string\"}}],\"inLanguage\":\"pt-BR\"}]}<\/script>\n<!-- \/ Yoast SEO plugin. -->","yoast_head_json":{"title":"Contact - Integrity ISR","robots":{"index":"index","follow":"follow","max-snippet":"max-snippet:-1","max-image-preview":"max-image-preview:large","max-video-preview":"max-video-preview:-1"},"canonical":"https:\/\/integrityisr.com\/pt\/contact-2\/","og_locale":"pt_BR","og_type":"article","og_title":"Contact - Integrity ISR","og_description":"Contact Integrity ISR Let\u2019s Connect Whether you&#8217;re looking for mission support, training solutions, or career opportunities, Integrity ISR is ready to assist. Reach out to us for inquiries about our C4ISR, Cyber, Space, and Intelligence expertise. Email: webmaster@integrityisr.com","og_url":"https:\/\/integrityisr.com\/pt\/contact-2\/","og_site_name":"Integrity ISR","article_modified_time":"2026-03-17T17:40:44+00:00","twitter_card":"summary_large_image","twitter_misc":{"Est. tempo de leitura":"1 minuto"},"schema":{"@context":"https:\/\/schema.org","@graph":[{"@type":"WebPage","@id":"https:\/\/integrityisr.com\/contact-2\/","url":"https:\/\/integrityisr.com\/contact-2\/","name":"Contact - Integrity ISR","isPartOf":{"@id":"https:\/\/integrityisr.com\/#website"},"datePublished":"2025-03-14T19:48:51+00:00","dateModified":"2026-03-17T17:40:44+00:00","breadcrumb":{"@id":"https:\/\/integrityisr.com\/contact-2\/#breadcrumb"},"inLanguage":"pt-BR","potentialAction":[{"@type":"ReadAction","target":["https:\/\/integrityisr.com\/contact-2\/"]}]},{"@type":"BreadcrumbList","@id":"https:\/\/integrityisr.com\/contact-2\/#breadcrumb","itemListElement":[{"@type":"ListItem","position":1,"name":"Home","item":"https:\/\/integrityisr.com\/"},{"@type":"ListItem","position":2,"name":"Contact"}]},{"@type":"WebSite","@id":"https:\/\/integrityisr.com\/#website","url":"https:\/\/integrityisr.com\/","name":"Integridade ISR","description":"Solu\u00e7\u00f5es inovadoras globais para estrat\u00e9gia, treinamento e opera\u00e7\u00f5es de C4ISR, espa\u00e7o e ciberespa\u00e7o","potentialAction":[{"@type":"SearchAction","target":{"@type":"EntryPoint","urlTemplate":"https:\/\/integrityisr.com\/?s={search_term_string}"},"query-input":{"@type":"PropertyValueSpecification","valueRequired":true,"valueName":"search_term_string"}}],"inLanguage":"pt-BR"}]}},"jetpack_likes_enabled":true,"jetpack_sharing_enabled":true,"jetpack_shortlink":"https:\/\/wp.me\/PaiUyX-2yL","_links":{"self":[{"href":"https:\/\/integrityisr.com\/pt\/wp-json\/wp\/v2\/pages\/9843","targetHints":{"allow":["GET"]}}],"collection":[{"href":"https:\/\/integrityisr.com\/pt\/wp-json\/wp\/v2\/pages"}],"about":[{"href":"https:\/\/integrityisr.com\/pt\/wp-json\/wp\/v2\/types\/page"}],"author":[{"embeddable":true,"href":"https:\/\/integrityisr.com\/pt\/wp-json\/wp\/v2\/users\/151712016"}],"replies":[{"embeddable":true,"href":"https:\/\/integrityisr.com\/pt\/wp-json\/wp\/v2\/comments?post=9843"}],"version-history":[{"count":27,"href":"https:\/\/integrityisr.com\/pt\/wp-json\/wp\/v2\/pages\/9843\/revisions"}],"predecessor-version":[{"id":10829,"href":"https:\/\/integrityisr.com\/pt\/wp-json\/wp\/v2\/pages\/9843\/revisions\/10829"}],"wp:attachment":[{"href":"https:\/\/integrityisr.com\/pt\/wp-json\/wp\/v2\/media?parent=9843"}],"curies":[{"name":"wp","href":"https:\/\/api.w.org\/{rel}","templated":true}]}}